{"id":3403,"date":"2025-07-09T11:13:09","date_gmt":"2025-07-09T09:13:09","guid":{"rendered":"https:\/\/devshop.italpreziosi.it\/sin%20categor\u00eda\/sterlina-britannica\/"},"modified":"2025-10-27T17:58:10","modified_gmt":"2025-10-27T16:58:10","slug":"esterlina-britanica","status":"publish","type":"product","link":"https:\/\/devshop.italpreziosi.it\/es\/inversion\/monedas\/oro\/esterlina-britanica\/","title":{"rendered":"Esterlina Brit\u00e1nica"},"content":{"rendered":"<p>Todas nuestras monedas se entregan en bl\u00edsteres y van acompa\u00f1adas de un certificado de garant\u00eda el a\u00f1o de acu\u00f1aci\u00f3n de la foto es puramente indicativo<\/p>\n","protected":false},"excerpt":{"rendered":"<p>Todas nuestras monedas se entregan en bl\u00edsteres y van acompa\u00f1adas de un certificado de garant\u00eda el a\u00f1o de acu\u00f1aci\u00f3n de la foto es puramente indicativo<\/p>\n","protected":false},"featured_media":1235,"comment_status":"closed","ping_status":"closed","template":"","meta":{"_acf_changed":false},"product_brand":[],"product_cat":[343,329,339,345,349,357,362],"product_tag":[],"class_list":{"0":"post-3403","1":"product","2":"type-product","3":"status-publish","4":"has-post-thumbnail","6":"product_cat-oro-es-2","7":"product_cat-inversion","8":"product_cat-monedas-es","9":"product_cat-oro-es-3","10":"product_cat-venta","11":"product_cat-venta-monedas","12":"product_cat-venta-monedas-de-oro","13":"pa_metallo-oro-es","15":"first","16":"instock","17":"featured","18":"purchasable","19":"product-type-simple"},"acf":[],"_links":{"self":[{"href":"https:\/\/devshop.italpreziosi.it\/es\/wp-json\/wp\/v2\/product\/3403","targetHints":{"allow":["GET"]}}],"collection":[{"href":"https:\/\/devshop.italpreziosi.it\/es\/wp-json\/wp\/v2\/product"}],"about":[{"href":"https:\/\/devshop.italpreziosi.it\/es\/wp-json\/wp\/v2\/types\/product"}],"replies":[{"embeddable":true,"href":"https:\/\/devshop.italpreziosi.it\/es\/wp-json\/wp\/v2\/comments?post=3403"}],"wp:featuredmedia":[{"embeddable":true,"href":"https:\/\/devshop.italpreziosi.it\/es\/wp-json\/wp\/v2\/media\/1235"}],"wp:attachment":[{"href":"https:\/\/devshop.italpreziosi.it\/es\/wp-json\/wp\/v2\/media?parent=3403"}],"wp:term":[{"taxonomy":"product_brand","embeddable":true,"href":"https:\/\/devshop.italpreziosi.it\/es\/wp-json\/wp\/v2\/product_brand?post=3403"},{"taxonomy":"product_cat","embeddable":true,"href":"https:\/\/devshop.italpreziosi.it\/es\/wp-json\/wp\/v2\/product_cat?post=3403"},{"taxonomy":"product_tag","embeddable":true,"href":"https:\/\/devshop.italpreziosi.it\/es\/wp-json\/wp\/v2\/product_tag?post=3403"}],"curies":[{"name":"wp","href":"https:\/\/api.w.org\/{rel}","templated":true}]}}