{"id":3401,"date":"2025-07-09T10:52:45","date_gmt":"2025-07-09T08:52:45","guid":{"rendered":"https:\/\/devshop.italpreziosi.it\/sin%20categor\u00eda\/sterlina-britannica-fior-di-conio-2025\/"},"modified":"2025-10-27T17:58:10","modified_gmt":"2025-10-27T16:58:10","slug":"libra-esterlina-flor-de-cuno-2025","status":"publish","type":"product","link":"https:\/\/devshop.italpreziosi.it\/es\/inversion\/monedas\/oro\/libra-esterlina-flor-de-cuno-2025\/","title":{"rendered":"Libra Esterlina \u00abFlor de Cu\u00f1o\u00bb 2025"},"content":{"rendered":"<div>La\u00a0<strong>Soberana Brit\u00e1nica 2025<\/strong>\u00a0en calidad Brillante Sin Circular representa una oportunidad \u00fanica para coleccionistas e inversores de adquirir la \u00faltima edici\u00f3n de esta ic\u00f3nica moneda en su caracter\u00edstico tono rojo, tambi\u00e9n conocido como \u00ab<strong>oro rosa<\/strong>\u00ab. A partir de 2026, la Royal Mint volver\u00e1 a acu\u00f1ar la Sovereign en oro amarillo tradicional, ofreciendo as\u00ed a los clientes la posibilidad de redescubrir la moneda en el color del metal m\u00e1s coherente con sus or\u00edgenes y su rica herencia.<\/div>\n<p class=\"gmail-\">Con frecuencia denominada \u201c<strong>la moneda m\u00e1s importante del mundo<\/strong>\u201d, la Soberana Brit\u00e1nica a\u00fana arte, historia y valor de inversi\u00f3n, consolid\u00e1ndose como un referente mundial en t\u00e9rminos de belleza, liquidez y prestigio.<\/p>\n<p class=\"gmail-\">Cada Libra Esterlina est\u00e1\u00a0<strong>en condici\u00f3n pr\u00edstina<\/strong>, libre de cualquier imperfecci\u00f3n, y acu\u00f1ada en el a\u00f1o en curso.<\/p>\n<p class=\"gmail-\">Los\u00a0<strong>or\u00edgenes de la libra esterlina brit\u00e1nica<\/strong>\u00a0se remontan a Europa continental durante la era romana, derivando su nombre de la palabra latina &#8216;poundus&#8217;, que significa &#8216;peso&#8217;. La libra se introdujo como forma de moneda en Inglaterra anglosajona alrededor del a\u00f1o 775 d.C. Posteriormente, Athelstan, el primer rey en unificar Inglaterra, estableci\u00f3 la libra como la primera moneda nacional e instituy\u00f3 casas de moneda a lo largo del reino.<\/p>\n<ul>\n<li class=\"gmail-\">Acu\u00f1ada en\u00a0<strong>oro de 22 quilates<\/strong><\/li>\n<li class=\"gmail-\">El reverso presenta nuevamente el dise\u00f1o ic\u00f3nico de\u00a0<strong>San Jorge y el drag\u00f3n<\/strong>, obra de Benedetto Pistrucci<\/li>\n<li class=\"gmail-\">El anverso muestra la\u00a0<strong>efigie oficial de Su Majestad el Rey Carlos III<\/strong>, dise\u00f1ada por Martin Jennings<\/li>\n<li class=\"gmail-\">Acabado conforme a los est\u00e1ndares bullion de la Royal Mint<\/li>\n<li class=\"gmail-\">El peso y la pureza de cada moneda Sovereign est\u00e1n\u00a0<strong>garantizados por Decreto Real<\/strong><\/li>\n<li class=\"gmail-\">Las monedas de oro de inversi\u00f3n producidas por la Royal Mint est\u00e1n\u00a0<strong>exentas de IVA y del Impuesto sobre las Ganancias de Capital<\/strong><\/li>\n<li class=\"gmail-\">Esta ser\u00e1\u00a0<strong>la \u00faltima edici\u00f3n<\/strong>\u00a0bullion de la Sovereign acu\u00f1ada\u00a0<strong>en oro rosa<\/strong><\/li>\n<\/ul>\n","protected":false},"excerpt":{"rendered":"<p>La\u00a0Soberana Brit\u00e1nica 2025\u00a0en calidad Brillante Sin Circular representa una oportunidad \u00fanica para coleccionistas e inversores de adquirir la \u00faltima edici\u00f3n de esta ic\u00f3nica moneda en su caracter\u00edstico tono rojo, tambi\u00e9n conocido como \u00aboro rosa\u00ab. A partir de 2026, la Royal Mint volver\u00e1 a acu\u00f1ar la Sovereign en oro amarillo tradicional, ofreciendo as\u00ed a los clientes [&hellip;]<\/p>\n","protected":false},"featured_media":1221,"comment_status":"closed","ping_status":"closed","template":"","meta":{"_acf_changed":false},"product_brand":[],"product_cat":[343,329,339,345,349,357,362],"product_tag":[],"class_list":{"0":"post-3401","1":"product","2":"type-product","3":"status-publish","4":"has-post-thumbnail","6":"product_cat-oro-es-2","7":"product_cat-inversion","8":"product_cat-monedas-es","9":"product_cat-oro-es-3","10":"product_cat-venta","11":"product_cat-venta-monedas","12":"product_cat-venta-monedas-de-oro","13":"pa_metallo-oro-es","15":"first","16":"instock","17":"featured","18":"purchasable","19":"product-type-simple"},"acf":[],"_links":{"self":[{"href":"https:\/\/devshop.italpreziosi.it\/es\/wp-json\/wp\/v2\/product\/3401","targetHints":{"allow":["GET"]}}],"collection":[{"href":"https:\/\/devshop.italpreziosi.it\/es\/wp-json\/wp\/v2\/product"}],"about":[{"href":"https:\/\/devshop.italpreziosi.it\/es\/wp-json\/wp\/v2\/types\/product"}],"replies":[{"embeddable":true,"href":"https:\/\/devshop.italpreziosi.it\/es\/wp-json\/wp\/v2\/comments?post=3401"}],"wp:featuredmedia":[{"embeddable":true,"href":"https:\/\/devshop.italpreziosi.it\/es\/wp-json\/wp\/v2\/media\/1221"}],"wp:attachment":[{"href":"https:\/\/devshop.italpreziosi.it\/es\/wp-json\/wp\/v2\/media?parent=3401"}],"wp:term":[{"taxonomy":"product_brand","embeddable":true,"href":"https:\/\/devshop.italpreziosi.it\/es\/wp-json\/wp\/v2\/product_brand?post=3401"},{"taxonomy":"product_cat","embeddable":true,"href":"https:\/\/devshop.italpreziosi.it\/es\/wp-json\/wp\/v2\/product_cat?post=3401"},{"taxonomy":"product_tag","embeddable":true,"href":"https:\/\/devshop.italpreziosi.it\/es\/wp-json\/wp\/v2\/product_tag?post=3401"}],"curies":[{"name":"wp","href":"https:\/\/api.w.org\/{rel}","templated":true}]}}