{"id":3397,"date":"2025-07-08T19:23:00","date_gmt":"2025-07-08T17:23:00","guid":{"rendered":"https:\/\/devshop.italpreziosi.it\/sin%20categor\u00eda\/vienna-philharmonic\/"},"modified":"2025-10-27T17:58:11","modified_gmt":"2025-10-27T16:58:11","slug":"vienna-philharmonic","status":"publish","type":"product","link":"https:\/\/devshop.italpreziosi.it\/es\/inversion\/monedas\/oro\/vienna-philharmonic\/","title":{"rendered":"Vienna Philharmonic"},"content":{"rendered":"<p>Esta moneda lleva el nombre de la Orquesta Filarm\u00f3nica de Viena (Wiener Philharmoniker), que inspira el dise\u00f1o de ambas caras de la moneda. La versi\u00f3n de una onza de oro se introdujo por primera vez en 1989 con un valor nominal de 2.000 chelines austriacos (ATS) y es generalmente una de las monedas de lingotes m\u00e1s vendidas en el mundo.<\/p>\n","protected":false},"excerpt":{"rendered":"<p>Esta moneda lleva el nombre de la Orquesta Filarm\u00f3nica de Viena (Wiener Philharmoniker), que inspira el dise\u00f1o de ambas caras de la moneda. La versi\u00f3n de una onza de oro se introdujo por primera vez en 1989 con un valor nominal de 2.000 chelines austriacos (ATS) y es generalmente una de las monedas de lingotes [&hellip;]<\/p>\n","protected":false},"featured_media":1197,"comment_status":"closed","ping_status":"closed","template":"","meta":{"_acf_changed":false},"product_brand":[],"product_cat":[343,329,339,345,349,357,362],"product_tag":[],"class_list":{"0":"post-3397","1":"product","2":"type-product","3":"status-publish","4":"has-post-thumbnail","6":"product_cat-oro-es-2","7":"product_cat-inversion","8":"product_cat-monedas-es","9":"product_cat-oro-es-3","10":"product_cat-venta","11":"product_cat-venta-monedas","12":"product_cat-venta-monedas-de-oro","13":"pa_metallo-oro-es","15":"first","16":"instock","17":"product-type-simple"},"acf":[],"_links":{"self":[{"href":"https:\/\/devshop.italpreziosi.it\/es\/wp-json\/wp\/v2\/product\/3397","targetHints":{"allow":["GET"]}}],"collection":[{"href":"https:\/\/devshop.italpreziosi.it\/es\/wp-json\/wp\/v2\/product"}],"about":[{"href":"https:\/\/devshop.italpreziosi.it\/es\/wp-json\/wp\/v2\/types\/product"}],"replies":[{"embeddable":true,"href":"https:\/\/devshop.italpreziosi.it\/es\/wp-json\/wp\/v2\/comments?post=3397"}],"wp:featuredmedia":[{"embeddable":true,"href":"https:\/\/devshop.italpreziosi.it\/es\/wp-json\/wp\/v2\/media\/1197"}],"wp:attachment":[{"href":"https:\/\/devshop.italpreziosi.it\/es\/wp-json\/wp\/v2\/media?parent=3397"}],"wp:term":[{"taxonomy":"product_brand","embeddable":true,"href":"https:\/\/devshop.italpreziosi.it\/es\/wp-json\/wp\/v2\/product_brand?post=3397"},{"taxonomy":"product_cat","embeddable":true,"href":"https:\/\/devshop.italpreziosi.it\/es\/wp-json\/wp\/v2\/product_cat?post=3397"},{"taxonomy":"product_tag","embeddable":true,"href":"https:\/\/devshop.italpreziosi.it\/es\/wp-json\/wp\/v2\/product_tag?post=3397"}],"curies":[{"name":"wp","href":"https:\/\/api.w.org\/{rel}","templated":true}]}}