{"id":3393,"date":"2025-07-08T19:13:57","date_gmt":"2025-07-08T17:13:57","guid":{"rendered":"https:\/\/devshop.italpreziosi.it\/sin%20categor\u00eda\/maple-leaf\/"},"modified":"2025-10-27T17:58:09","modified_gmt":"2025-10-27T16:58:09","slug":"maple-leaf","status":"publish","type":"product","link":"https:\/\/devshop.italpreziosi.it\/es\/inversion\/monedas\/oro\/maple-leaf\/","title":{"rendered":"Maple Leaf"},"content":{"rendered":"<p>Introducida por primera vez por la \u00abRoyal Canadian Mint\u00bb (Real Casa de la Moneda del Canad\u00e1) en 1979, es la moneda de oro oficial del Canad\u00e1. En la moneda, est\u00e1n representadas la hoja de arce, \u00e1rbol s\u00edmbolo de Canad\u00e1 y del que la moneda toma su nombre, y la Reina Isabel II.<\/p>\n","protected":false},"excerpt":{"rendered":"<p>Introducida por primera vez por la \u00abRoyal Canadian Mint\u00bb (Real Casa de la Moneda del Canad\u00e1) en 1979, es la moneda de oro oficial del Canad\u00e1. En la moneda, est\u00e1n representadas la hoja de arce, \u00e1rbol s\u00edmbolo de Canad\u00e1 y del que la moneda toma su nombre, y la Reina Isabel II.<\/p>\n","protected":false},"featured_media":1171,"comment_status":"closed","ping_status":"closed","template":"","meta":{"_acf_changed":false},"product_brand":[],"product_cat":[343,329,339,345,349,357,362],"product_tag":[],"class_list":{"0":"post-3393","1":"product","2":"type-product","3":"status-publish","4":"has-post-thumbnail","6":"product_cat-oro-es-2","7":"product_cat-inversion","8":"product_cat-monedas-es","9":"product_cat-oro-es-3","10":"product_cat-venta","11":"product_cat-venta-monedas","12":"product_cat-venta-monedas-de-oro","13":"pa_metallo-oro-es","15":"first","16":"instock","17":"product-type-simple"},"acf":[],"_links":{"self":[{"href":"https:\/\/devshop.italpreziosi.it\/es\/wp-json\/wp\/v2\/product\/3393","targetHints":{"allow":["GET"]}}],"collection":[{"href":"https:\/\/devshop.italpreziosi.it\/es\/wp-json\/wp\/v2\/product"}],"about":[{"href":"https:\/\/devshop.italpreziosi.it\/es\/wp-json\/wp\/v2\/types\/product"}],"replies":[{"embeddable":true,"href":"https:\/\/devshop.italpreziosi.it\/es\/wp-json\/wp\/v2\/comments?post=3393"}],"wp:featuredmedia":[{"embeddable":true,"href":"https:\/\/devshop.italpreziosi.it\/es\/wp-json\/wp\/v2\/media\/1171"}],"wp:attachment":[{"href":"https:\/\/devshop.italpreziosi.it\/es\/wp-json\/wp\/v2\/media?parent=3393"}],"wp:term":[{"taxonomy":"product_brand","embeddable":true,"href":"https:\/\/devshop.italpreziosi.it\/es\/wp-json\/wp\/v2\/product_brand?post=3393"},{"taxonomy":"product_cat","embeddable":true,"href":"https:\/\/devshop.italpreziosi.it\/es\/wp-json\/wp\/v2\/product_cat?post=3393"},{"taxonomy":"product_tag","embeddable":true,"href":"https:\/\/devshop.italpreziosi.it\/es\/wp-json\/wp\/v2\/product_tag?post=3393"}],"curies":[{"name":"wp","href":"https:\/\/api.w.org\/{rel}","templated":true}]}}