{"id":3391,"date":"2025-07-08T19:07:08","date_gmt":"2025-07-08T17:07:08","guid":{"rendered":"https:\/\/devshop.italpreziosi.it\/sin%20categor\u00eda\/50-pesos-mexico\/"},"modified":"2025-10-27T17:58:10","modified_gmt":"2025-10-27T16:58:10","slug":"50-pesos-mexico","status":"publish","type":"product","link":"https:\/\/devshop.italpreziosi.it\/es\/inversion\/monedas\/oro\/50-pesos-mexico\/","title":{"rendered":"50 Pesos Mexico"},"content":{"rendered":"<p>Acu\u00f1ada por primera vez en 1921, la moneda fue pensada como un homenaje a la independencia mexicana del colonialismo espa\u00f1ol en su cent\u00e9simo aniversario. La victoria contra los invasores est\u00e1 simbolizada por el \u00e1guila en el cactus que sostiene una serpiente en su pico, mientras que en el otro lado la Victoria de Samotracia simboliza la victoria en la guerra.<\/p>\n","protected":false},"excerpt":{"rendered":"<p>Acu\u00f1ada por primera vez en 1921, la moneda fue pensada como un homenaje a la independencia mexicana del colonialismo espa\u00f1ol en su cent\u00e9simo aniversario. La victoria contra los invasores est\u00e1 simbolizada por el \u00e1guila en el cactus que sostiene una serpiente en su pico, mientras que en el otro lado la Victoria de Samotracia simboliza [&hellip;]<\/p>\n","protected":false},"featured_media":1158,"comment_status":"closed","ping_status":"closed","template":"","meta":{"_acf_changed":false},"product_brand":[],"product_cat":[343,329,339,345,349,357,362],"product_tag":[],"class_list":{"0":"post-3391","1":"product","2":"type-product","3":"status-publish","4":"has-post-thumbnail","6":"product_cat-oro-es-2","7":"product_cat-inversion","8":"product_cat-monedas-es","9":"product_cat-oro-es-3","10":"product_cat-venta","11":"product_cat-venta-monedas","12":"product_cat-venta-monedas-de-oro","13":"pa_metallo-oro-es","15":"first","16":"instock","17":"product-type-simple"},"acf":[],"_links":{"self":[{"href":"https:\/\/devshop.italpreziosi.it\/es\/wp-json\/wp\/v2\/product\/3391","targetHints":{"allow":["GET"]}}],"collection":[{"href":"https:\/\/devshop.italpreziosi.it\/es\/wp-json\/wp\/v2\/product"}],"about":[{"href":"https:\/\/devshop.italpreziosi.it\/es\/wp-json\/wp\/v2\/types\/product"}],"replies":[{"embeddable":true,"href":"https:\/\/devshop.italpreziosi.it\/es\/wp-json\/wp\/v2\/comments?post=3391"}],"wp:featuredmedia":[{"embeddable":true,"href":"https:\/\/devshop.italpreziosi.it\/es\/wp-json\/wp\/v2\/media\/1158"}],"wp:attachment":[{"href":"https:\/\/devshop.italpreziosi.it\/es\/wp-json\/wp\/v2\/media?parent=3391"}],"wp:term":[{"taxonomy":"product_brand","embeddable":true,"href":"https:\/\/devshop.italpreziosi.it\/es\/wp-json\/wp\/v2\/product_brand?post=3391"},{"taxonomy":"product_cat","embeddable":true,"href":"https:\/\/devshop.italpreziosi.it\/es\/wp-json\/wp\/v2\/product_cat?post=3391"},{"taxonomy":"product_tag","embeddable":true,"href":"https:\/\/devshop.italpreziosi.it\/es\/wp-json\/wp\/v2\/product_tag?post=3391"}],"curies":[{"name":"wp","href":"https:\/\/api.w.org\/{rel}","templated":true}]}}