{"id":3389,"date":"2025-07-08T19:00:53","date_gmt":"2025-07-08T17:00:53","guid":{"rendered":"https:\/\/devshop.italpreziosi.it\/sin%20categor\u00eda\/100-corona-austria\/"},"modified":"2026-02-25T22:12:05","modified_gmt":"2026-02-25T21:12:05","slug":"100-corona-austria","status":"publish","type":"product","link":"https:\/\/devshop.italpreziosi.it\/es\/inversion\/monedas\/oro\/100-corona-austria\/","title":{"rendered":"100 Corona Austria"},"content":{"rendered":"<p>La corona fue la moneda oficial del Imperio Austro-H\u00fangaro desde 1892 (sustituyendo al flor\u00edn austro-h\u00fangaro) hasta 1918, cuando el imperio despareci\u00f3. Acu\u00f1ado por la casa de la moneda austriaca, se trata de una reimpresi\u00f3n del modelo de 1915. La moneda representa la efigie imperial austriaca, el \u00e1guila bic\u00e9fala, y el perfil del emperador Francisco Jos\u00e9.<\/p>\n","protected":false},"excerpt":{"rendered":"<p>La corona fue la moneda oficial del Imperio Austro-H\u00fangaro desde 1892 (sustituyendo al flor\u00edn austro-h\u00fangaro) hasta 1918, cuando el imperio despareci\u00f3. Acu\u00f1ado por la casa de la moneda austriaca, se trata de una reimpresi\u00f3n del modelo de 1915. La moneda representa la efigie imperial austriaca, el \u00e1guila bic\u00e9fala, y el perfil del emperador Francisco Jos\u00e9.<\/p>\n","protected":false},"featured_media":1143,"comment_status":"closed","ping_status":"closed","template":"","meta":{"_acf_changed":false},"product_brand":[],"product_cat":[343,329,339,345,349,357,362],"product_tag":[],"class_list":{"0":"post-3389","1":"product","2":"type-product","3":"status-publish","4":"has-post-thumbnail","6":"product_cat-oro-es-2","7":"product_cat-inversion","8":"product_cat-monedas-es","9":"product_cat-oro-es-3","10":"product_cat-venta","11":"product_cat-venta-monedas","12":"product_cat-venta-monedas-de-oro","13":"pa_metallo-oro-es","15":"first","16":"instock","17":"product-type-simple"},"acf":[],"_links":{"self":[{"href":"https:\/\/devshop.italpreziosi.it\/es\/wp-json\/wp\/v2\/product\/3389","targetHints":{"allow":["GET"]}}],"collection":[{"href":"https:\/\/devshop.italpreziosi.it\/es\/wp-json\/wp\/v2\/product"}],"about":[{"href":"https:\/\/devshop.italpreziosi.it\/es\/wp-json\/wp\/v2\/types\/product"}],"replies":[{"embeddable":true,"href":"https:\/\/devshop.italpreziosi.it\/es\/wp-json\/wp\/v2\/comments?post=3389"}],"wp:featuredmedia":[{"embeddable":true,"href":"https:\/\/devshop.italpreziosi.it\/es\/wp-json\/wp\/v2\/media\/1143"}],"wp:attachment":[{"href":"https:\/\/devshop.italpreziosi.it\/es\/wp-json\/wp\/v2\/media?parent=3389"}],"wp:term":[{"taxonomy":"product_brand","embeddable":true,"href":"https:\/\/devshop.italpreziosi.it\/es\/wp-json\/wp\/v2\/product_brand?post=3389"},{"taxonomy":"product_cat","embeddable":true,"href":"https:\/\/devshop.italpreziosi.it\/es\/wp-json\/wp\/v2\/product_cat?post=3389"},{"taxonomy":"product_tag","embeddable":true,"href":"https:\/\/devshop.italpreziosi.it\/es\/wp-json\/wp\/v2\/product_tag?post=3389"}],"curies":[{"name":"wp","href":"https:\/\/api.w.org\/{rel}","templated":true}]}}