{"id":3387,"date":"2025-07-08T17:48:05","date_gmt":"2025-07-08T15:48:05","guid":{"rendered":"https:\/\/devshop.italpreziosi.it\/sin%20categor\u00eda\/britannia\/"},"modified":"2026-03-05T12:20:04","modified_gmt":"2026-03-05T11:20:04","slug":"britannia","status":"publish","type":"product","link":"https:\/\/devshop.italpreziosi.it\/es\/inversion\/monedas\/oro\/britannia\/","title":{"rendered":"Britannia"},"content":{"rendered":"<p>Britannia es la representaci\u00f3n femenina de Gran Breta\u00f1a y ha sido la cara moderna de los lingotes desde 1987. Reconocida y de confianza en todo el mundo, la moneda de lingotes Britannia es buscada por inversores e instituciones por igual. La historia de este icono comienza con su aparici\u00f3n en las monedas de Adriano, hacia el a\u00f1o 119 d. C., como s\u00edmbolo de una nueva provincia y pueblo. Britannia fue revivida por la acu\u00f1aci\u00f3n de Carlos II en 1672 y ha aparecido en las monedas de todos los monarcas desde entonces<\/p>\n","protected":false},"excerpt":{"rendered":"<p>Britannia es la representaci\u00f3n femenina de Gran Breta\u00f1a y ha sido la cara moderna de los lingotes desde 1987. Reconocida y de confianza en todo el mundo, la moneda de lingotes Britannia es buscada por inversores e instituciones por igual. La historia de este icono comienza con su aparici\u00f3n en las monedas de Adriano, hacia [&hellip;]<\/p>\n","protected":false},"featured_media":1126,"comment_status":"closed","ping_status":"closed","template":"","meta":{"_acf_changed":false},"product_brand":[],"product_cat":[343,329,339,345,349,357,362],"product_tag":[],"class_list":{"0":"post-3387","1":"product","2":"type-product","3":"status-publish","4":"has-post-thumbnail","6":"product_cat-oro-es-2","7":"product_cat-inversion","8":"product_cat-monedas-es","9":"product_cat-oro-es-3","10":"product_cat-venta","11":"product_cat-venta-monedas","12":"product_cat-venta-monedas-de-oro","13":"pa_metallo-oro-es","15":"first","16":"outofstock","17":"product-type-simple"},"acf":[],"_links":{"self":[{"href":"https:\/\/devshop.italpreziosi.it\/es\/wp-json\/wp\/v2\/product\/3387","targetHints":{"allow":["GET"]}}],"collection":[{"href":"https:\/\/devshop.italpreziosi.it\/es\/wp-json\/wp\/v2\/product"}],"about":[{"href":"https:\/\/devshop.italpreziosi.it\/es\/wp-json\/wp\/v2\/types\/product"}],"replies":[{"embeddable":true,"href":"https:\/\/devshop.italpreziosi.it\/es\/wp-json\/wp\/v2\/comments?post=3387"}],"wp:featuredmedia":[{"embeddable":true,"href":"https:\/\/devshop.italpreziosi.it\/es\/wp-json\/wp\/v2\/media\/1126"}],"wp:attachment":[{"href":"https:\/\/devshop.italpreziosi.it\/es\/wp-json\/wp\/v2\/media?parent=3387"}],"wp:term":[{"taxonomy":"product_brand","embeddable":true,"href":"https:\/\/devshop.italpreziosi.it\/es\/wp-json\/wp\/v2\/product_brand?post=3387"},{"taxonomy":"product_cat","embeddable":true,"href":"https:\/\/devshop.italpreziosi.it\/es\/wp-json\/wp\/v2\/product_cat?post=3387"},{"taxonomy":"product_tag","embeddable":true,"href":"https:\/\/devshop.italpreziosi.it\/es\/wp-json\/wp\/v2\/product_tag?post=3387"}],"curies":[{"name":"wp","href":"https:\/\/api.w.org\/{rel}","templated":true}]}}