{"id":3382,"date":"2025-07-09T13:21:36","date_gmt":"2025-07-09T11:21:36","guid":{"rendered":"https:\/\/devshop.italpreziosi.it\/sin%20categor\u00eda\/lingotto-argento-5-oz\/"},"modified":"2025-10-20T14:24:03","modified_gmt":"2025-10-20T12:24:03","slug":"barra-de-plata-de-5-oz","status":"publish","type":"product","link":"https:\/\/devshop.italpreziosi.it\/es\/inversion\/lingotes\/plata\/barra-de-plata-de-5-oz\/","title":{"rendered":"Barra de plata de 5 oz"},"content":{"rendered":"<p>Las barras de plata pura de 5 oz son las m\u00e1s peque\u00f1as de la gama. Refinados en nuestra sede en Italia, permiten compras fraccionadas y aptos para inversiones de valor unitario inferior. Italpreziosi es un l\u00edder reconocido en el mundo de los metales preciosos por sus barras de alta calidad.<\/p>\n<p>En cuanto al metal, hist\u00f3ricamente, el precio de la plata ha mantenido su valor y sigue siendo una de las mejores formas de preservar su propio patrimonio. Comprar una barra de plata Italpreziosi es ideal para construir una cartera diversificada y obtener valor a largo plazo. Las barras de fundici\u00f3n a menudo se caracterizan por imperfecciones, especialmente cuando se comparan a las barras acu\u00f1adas, que se pulen. Esto no afecta la pureza de las barras de plata que mantienen pureza 999.0 y esta condici\u00f3n no impacta en el valor del activo.<\/p>\n","protected":false},"excerpt":{"rendered":"<p>Las barras de plata pura de 5 oz son las m\u00e1s peque\u00f1as de la gama. Refinados en nuestra sede en Italia, permiten compras fraccionadas y aptos para inversiones de valor unitario inferior. Italpreziosi es un l\u00edder reconocido en el mundo de los metales preciosos por sus barras de alta calidad. En cuanto al metal, hist\u00f3ricamente, [&hellip;]<\/p>\n","protected":false},"featured_media":1329,"comment_status":"closed","ping_status":"closed","template":"","meta":{"_acf_changed":false},"product_brand":[45],"product_cat":[335,329,333,330,349,350,353],"product_tag":[],"class_list":{"0":"post-3382","1":"product","2":"type-product","3":"status-publish","4":"has-post-thumbnail","6":"product_brand-italpreziosi","7":"product_cat-plata-es","8":"product_cat-inversion","9":"product_cat-lingotes-es","10":"product_cat-plata","11":"product_cat-venta","12":"product_cat-venta-lingotes","13":"product_cat-venta-lingotes-de-plata","14":"pa_metallo-plata","16":"first","17":"outofstock","18":"featured","19":"taxable","20":"shipping-taxable","21":"purchasable","22":"product-type-simple"},"acf":[],"_links":{"self":[{"href":"https:\/\/devshop.italpreziosi.it\/es\/wp-json\/wp\/v2\/product\/3382","targetHints":{"allow":["GET"]}}],"collection":[{"href":"https:\/\/devshop.italpreziosi.it\/es\/wp-json\/wp\/v2\/product"}],"about":[{"href":"https:\/\/devshop.italpreziosi.it\/es\/wp-json\/wp\/v2\/types\/product"}],"replies":[{"embeddable":true,"href":"https:\/\/devshop.italpreziosi.it\/es\/wp-json\/wp\/v2\/comments?post=3382"}],"wp:featuredmedia":[{"embeddable":true,"href":"https:\/\/devshop.italpreziosi.it\/es\/wp-json\/wp\/v2\/media\/1329"}],"wp:attachment":[{"href":"https:\/\/devshop.italpreziosi.it\/es\/wp-json\/wp\/v2\/media?parent=3382"}],"wp:term":[{"taxonomy":"product_brand","embeddable":true,"href":"https:\/\/devshop.italpreziosi.it\/es\/wp-json\/wp\/v2\/product_brand?post=3382"},{"taxonomy":"product_cat","embeddable":true,"href":"https:\/\/devshop.italpreziosi.it\/es\/wp-json\/wp\/v2\/product_cat?post=3382"},{"taxonomy":"product_tag","embeddable":true,"href":"https:\/\/devshop.italpreziosi.it\/es\/wp-json\/wp\/v2\/product_tag?post=3382"}],"curies":[{"name":"wp","href":"https:\/\/api.w.org\/{rel}","templated":true}]}}