{"id":3378,"date":"2025-07-09T13:29:10","date_gmt":"2025-07-09T11:29:10","guid":{"rendered":"https:\/\/devshop.italpreziosi.it\/sin%20categor\u00eda\/lingotto-argento-1-kg\/"},"modified":"2026-01-05T14:44:05","modified_gmt":"2026-01-05T13:44:05","slug":"barra-de-plata-de-1-kg","status":"publish","type":"product","link":"https:\/\/devshop.italpreziosi.it\/es\/inversion\/lingotes\/plata\/barra-de-plata-de-1-kg\/","title":{"rendered":"Barra de Plata de 1 Kg"},"content":{"rendered":"<p>Los\u00a0<strong>lingotes de plata pura de 1 kg<\/strong>\u00a0son una de las opciones m\u00e1s valoradas por los inversores gracias a su\u00a0<strong>excelente relaci\u00f3n entre volumen y valor<\/strong>. Afinados en nuestra sede en\u00a0<strong>Italia<\/strong>, estos lingotes son ideales para quienes desean invertir cantidades importantes en este metal, manteniendo al mismo tiempo una alta liquidez.<\/p>\n<p><strong>Italpreziosi<\/strong>\u00a0es un referente reconocido a nivel internacional en el sector de los metales preciosos, gracias a la\u00a0<strong>calidad<\/strong>\u00a0y\u00a0<strong>fiabilidad<\/strong>\u00a0de sus lingotes. Cada lingote se fabrica siguiendo\u00a0<strong>los m\u00e1s altos est\u00e1ndares<\/strong>, garantizando la\u00a0<strong>pureza<\/strong>\u00a0y la\u00a0<strong>trazabilidad<\/strong>\u00a0de la cadena de suministro.<\/p>\n<p>A lo largo del tiempo, la\u00a0<strong>plata<\/strong>\u00a0ha demostrado una extraordinaria capacidad para conservar el valor, representando una reserva estrat\u00e9gica de riqueza. Adquirir un\u00a0<strong>lingote de 1 kg de Italpreziosi<\/strong>\u00a0es una soluci\u00f3n eficaz para diversificar su cartera y proteger el capital a largo plazo.<\/p>\n<p>Los lingotes fundidos suelen presentar imperfecciones, especialmente en comparaci\u00f3n con los lingotes acu\u00f1ados, que est\u00e1n pulidos. Esto no afecta a su\u00a0<strong>pureza<\/strong>, que sigue siendo de\u00a0<strong>999.0<\/strong>, ni repercute en el valor del activo.<\/p>\n","protected":false},"excerpt":{"rendered":"<p>Los\u00a0lingotes de plata pura de 1 kg\u00a0son una de las opciones m\u00e1s valoradas por los inversores gracias a su\u00a0excelente relaci\u00f3n entre volumen y valor. Afinados en nuestra sede en\u00a0Italia, estos lingotes son ideales para quienes desean invertir cantidades importantes en este metal, manteniendo al mismo tiempo una alta liquidez. Italpreziosi\u00a0es un referente reconocido a nivel [&hellip;]<\/p>\n","protected":false},"featured_media":1358,"comment_status":"closed","ping_status":"closed","template":"","meta":{"_acf_changed":false},"product_brand":[45],"product_cat":[335,329,333,330,349,350,353],"product_tag":[],"class_list":{"0":"post-3378","1":"product","2":"type-product","3":"status-publish","4":"has-post-thumbnail","6":"product_brand-italpreziosi","7":"product_cat-plata-es","8":"product_cat-inversion","9":"product_cat-lingotes-es","10":"product_cat-plata","11":"product_cat-venta","12":"product_cat-venta-lingotes","13":"product_cat-venta-lingotes-de-plata","14":"pa_metallo-plata","16":"first","17":"instock","18":"featured","19":"taxable","20":"shipping-taxable","21":"purchasable","22":"product-type-simple"},"acf":[],"_links":{"self":[{"href":"https:\/\/devshop.italpreziosi.it\/es\/wp-json\/wp\/v2\/product\/3378","targetHints":{"allow":["GET"]}}],"collection":[{"href":"https:\/\/devshop.italpreziosi.it\/es\/wp-json\/wp\/v2\/product"}],"about":[{"href":"https:\/\/devshop.italpreziosi.it\/es\/wp-json\/wp\/v2\/types\/product"}],"replies":[{"embeddable":true,"href":"https:\/\/devshop.italpreziosi.it\/es\/wp-json\/wp\/v2\/comments?post=3378"}],"wp:featuredmedia":[{"embeddable":true,"href":"https:\/\/devshop.italpreziosi.it\/es\/wp-json\/wp\/v2\/media\/1358"}],"wp:attachment":[{"href":"https:\/\/devshop.italpreziosi.it\/es\/wp-json\/wp\/v2\/media?parent=3378"}],"wp:term":[{"taxonomy":"product_brand","embeddable":true,"href":"https:\/\/devshop.italpreziosi.it\/es\/wp-json\/wp\/v2\/product_brand?post=3378"},{"taxonomy":"product_cat","embeddable":true,"href":"https:\/\/devshop.italpreziosi.it\/es\/wp-json\/wp\/v2\/product_cat?post=3378"},{"taxonomy":"product_tag","embeddable":true,"href":"https:\/\/devshop.italpreziosi.it\/es\/wp-json\/wp\/v2\/product_tag?post=3378"}],"curies":[{"name":"wp","href":"https:\/\/api.w.org\/{rel}","templated":true}]}}