{"id":3329,"date":"2025-06-06T11:19:43","date_gmt":"2025-06-06T09:19:43","guid":{"rendered":"https:\/\/devshop.italpreziosi.it\/sin%20categor\u00eda\/lingotto-oro-2gr\/"},"modified":"2026-04-10T11:30:06","modified_gmt":"2026-04-10T09:30:06","slug":"lingote-de-oro-2gr","status":"publish","type":"product","link":"https:\/\/devshop.italpreziosi.it\/es\/inversion\/lingotes\/oro\/lingote-de-oro-2gr\/","title":{"rendered":"Lingote de oro 2gr"},"content":{"rendered":"<p>El lingote de oro de 2 gramos ofrecido por Italpreziosi es la elecci\u00f3n perfecta para aquellos que desean comenzar a invertir en oro con un producto accesible y de alta calidad. Hecho de oro puro de 24 quilates, este lingote representa una inversi\u00f3n ideal tanto para nuevos inversores como para aquellos que desean diversificar a\u00fan m\u00e1s su cartera. A diferencia de los lingotes de mayor tama\u00f1o, el lingote de 2 gramos es una excelente opci\u00f3n para un regalo precioso o para una peque\u00f1a inversi\u00f3n en oro f\u00edsico sin comprometer un gran capital. Todos los lingotes de Italpreziosi se producen seg\u00fan los est\u00e1ndares m\u00e1s altos y cumplen con las reglas de la LBMA (London Bullion Market Association), asegurando as\u00ed la m\u00e1xima seguridad en tu inversi\u00f3n. Adem\u00e1s, el oro de inversi\u00f3n est\u00e1 exento de IVA en toda la Uni\u00f3n Europea. Ya sea para ti o como un regalo precioso para una ocasi\u00f3n especial, el lingote de oro de 2 gramos de Italpreziosi simboliza estabilidad y seguridad, dos cualidades fundamentales en cualquier contexto financiero.<\/p>\n","protected":false},"excerpt":{"rendered":"<p>El lingote de oro de 2 gramos ofrecido por Italpreziosi es la elecci\u00f3n perfecta para aquellos que desean comenzar a invertir en oro con un producto accesible y de alta calidad. Hecho de oro puro de 24 quilates, este lingote representa una inversi\u00f3n ideal tanto para nuevos inversores como para aquellos que desean diversificar a\u00fan [&hellip;]<\/p>\n","protected":false},"featured_media":970,"comment_status":"closed","ping_status":"closed","template":"","meta":{"_acf_changed":false},"product_brand":[45],"product_cat":[337,329,333,345,349,350,355],"product_tag":[],"class_list":{"0":"post-3329","1":"product","2":"type-product","3":"status-publish","4":"has-post-thumbnail","6":"product_brand-italpreziosi","7":"product_cat-oro-es","8":"product_cat-inversion","9":"product_cat-lingotes-es","10":"product_cat-oro-es-3","11":"product_cat-venta","12":"product_cat-venta-lingotes","13":"product_cat-venta-lingotes-de-oro","14":"pa_metallo-oro-es","16":"first","17":"instock","18":"purchasable","19":"product-type-simple"},"acf":[],"_links":{"self":[{"href":"https:\/\/devshop.italpreziosi.it\/es\/wp-json\/wp\/v2\/product\/3329","targetHints":{"allow":["GET"]}}],"collection":[{"href":"https:\/\/devshop.italpreziosi.it\/es\/wp-json\/wp\/v2\/product"}],"about":[{"href":"https:\/\/devshop.italpreziosi.it\/es\/wp-json\/wp\/v2\/types\/product"}],"replies":[{"embeddable":true,"href":"https:\/\/devshop.italpreziosi.it\/es\/wp-json\/wp\/v2\/comments?post=3329"}],"wp:featuredmedia":[{"embeddable":true,"href":"https:\/\/devshop.italpreziosi.it\/es\/wp-json\/wp\/v2\/media\/970"}],"wp:attachment":[{"href":"https:\/\/devshop.italpreziosi.it\/es\/wp-json\/wp\/v2\/media?parent=3329"}],"wp:term":[{"taxonomy":"product_brand","embeddable":true,"href":"https:\/\/devshop.italpreziosi.it\/es\/wp-json\/wp\/v2\/product_brand?post=3329"},{"taxonomy":"product_cat","embeddable":true,"href":"https:\/\/devshop.italpreziosi.it\/es\/wp-json\/wp\/v2\/product_cat?post=3329"},{"taxonomy":"product_tag","embeddable":true,"href":"https:\/\/devshop.italpreziosi.it\/es\/wp-json\/wp\/v2\/product_tag?post=3329"}],"curies":[{"name":"wp","href":"https:\/\/api.w.org\/{rel}","templated":true}]}}