{"id":3324,"date":"2025-06-06T13:09:05","date_gmt":"2025-06-06T11:09:05","guid":{"rendered":"https:\/\/devshop.italpreziosi.it\/sin%20categor\u00eda\/lingotto-oro-250gr\/"},"modified":"2026-02-25T22:12:09","modified_gmt":"2026-02-25T21:12:09","slug":"lingote-de-oro-250gr","status":"publish","type":"product","link":"https:\/\/devshop.italpreziosi.it\/es\/inversion\/lingotes\/oro\/lingote-de-oro-250gr\/","title":{"rendered":"Lingote de oro 250gr"},"content":{"rendered":"<p>Los lingotes de oro de 250 gramos proceden de nuestra refiner\u00eda <strong>LBMA<\/strong> en Italia y son una excelente alternativa de inversi\u00f3n. Para quienes deseen convertir una parte de su cartera de acciones en oro f\u00edsico, o quieran aumentar el valor de un plan de pensiones o un paquete de seguros, el oro es la opci\u00f3n ideal. Los lingotes de oro de 250 gramos son productos de oro fundido y los bajos costes de producci\u00f3n hacen que siempre sea una inversi\u00f3n rentable. Nuestros precios competitivos y nuestro r\u00e1pido servicio de entrega le permiten a\u00f1adir 250 gramos de oro de 24 quilates (.9999) a su cartera de inversiones de forma f\u00e1cil, fiable y confidencial. Todos los lingotes de oro de inversi\u00f3n est\u00e1n exentos de IVA para los residentes de la Uni\u00f3n Europea. Compre sus barras de 250g en italpreziosi.it<\/p>\n","protected":false},"excerpt":{"rendered":"<p>Los lingotes de oro de 250 gramos proceden de nuestra refiner\u00eda LBMA en Italia y son una excelente alternativa de inversi\u00f3n. Para quienes deseen convertir una parte de su cartera de acciones en oro f\u00edsico, o quieran aumentar el valor de un plan de pensiones o un paquete de seguros, el oro es la opci\u00f3n [&hellip;]<\/p>\n","protected":false},"featured_media":1069,"comment_status":"closed","ping_status":"closed","template":"","meta":{"_acf_changed":false},"product_brand":[45],"product_cat":[337,329,333,345,349,350,355],"product_tag":[],"class_list":{"0":"post-3324","1":"product","2":"type-product","3":"status-publish","4":"has-post-thumbnail","6":"product_brand-italpreziosi","7":"product_cat-oro-es","8":"product_cat-inversion","9":"product_cat-lingotes-es","10":"product_cat-oro-es-3","11":"product_cat-venta","12":"product_cat-venta-lingotes","13":"product_cat-venta-lingotes-de-oro","14":"pa_metallo-oro-es","16":"first","17":"instock","18":"product-type-simple"},"acf":[],"_links":{"self":[{"href":"https:\/\/devshop.italpreziosi.it\/es\/wp-json\/wp\/v2\/product\/3324","targetHints":{"allow":["GET"]}}],"collection":[{"href":"https:\/\/devshop.italpreziosi.it\/es\/wp-json\/wp\/v2\/product"}],"about":[{"href":"https:\/\/devshop.italpreziosi.it\/es\/wp-json\/wp\/v2\/types\/product"}],"replies":[{"embeddable":true,"href":"https:\/\/devshop.italpreziosi.it\/es\/wp-json\/wp\/v2\/comments?post=3324"}],"wp:featuredmedia":[{"embeddable":true,"href":"https:\/\/devshop.italpreziosi.it\/es\/wp-json\/wp\/v2\/media\/1069"}],"wp:attachment":[{"href":"https:\/\/devshop.italpreziosi.it\/es\/wp-json\/wp\/v2\/media?parent=3324"}],"wp:term":[{"taxonomy":"product_brand","embeddable":true,"href":"https:\/\/devshop.italpreziosi.it\/es\/wp-json\/wp\/v2\/product_brand?post=3324"},{"taxonomy":"product_cat","embeddable":true,"href":"https:\/\/devshop.italpreziosi.it\/es\/wp-json\/wp\/v2\/product_cat?post=3324"},{"taxonomy":"product_tag","embeddable":true,"href":"https:\/\/devshop.italpreziosi.it\/es\/wp-json\/wp\/v2\/product_tag?post=3324"}],"curies":[{"name":"wp","href":"https:\/\/api.w.org\/{rel}","templated":true}]}}