{"id":3322,"date":"2025-06-06T13:06:51","date_gmt":"2025-06-06T11:06:51","guid":{"rendered":"https:\/\/devshop.italpreziosi.it\/sin%20categor\u00eda\/lingotto-oro-100gr\/"},"modified":"2026-02-25T22:12:09","modified_gmt":"2026-02-25T21:12:09","slug":"lingote-de-oro-100gr","status":"publish","type":"product","link":"https:\/\/devshop.italpreziosi.it\/es\/inversion\/lingotes\/oro\/lingote-de-oro-100gr\/","title":{"rendered":"Lingote de oro 100gr"},"content":{"rendered":"<p>El lingote de oro de 100 gramos es la elecci\u00f3n cl\u00e1sica para los que ya tienen una larga experiencia en el mercado, pero tambi\u00e9n es el producto ideal para los j\u00f3venes inversores. El oro es considerado por todos como un valor refugio fiable, especialmente en tiempos de turbulencia en los mercados financieros: es menos susceptible a los efectos de la inflaci\u00f3n y las fluctuaciones monetarias. El contenido es siempre exactamente 100 gramos de oro puro 24 quilates. S\u00f3lo tenemos productos aprobados por la LBMA; nuestros productos de oro de inversi\u00f3n est\u00e1n exentos de IVA para los compradores dentro de la Uni\u00f3n Europea.<\/p>\n","protected":false},"excerpt":{"rendered":"<p>El lingote de oro de 100 gramos es la elecci\u00f3n cl\u00e1sica para los que ya tienen una larga experiencia en el mercado, pero tambi\u00e9n es el producto ideal para los j\u00f3venes inversores. El oro es considerado por todos como un valor refugio fiable, especialmente en tiempos de turbulencia en los mercados financieros: es menos susceptible [&hellip;]<\/p>\n","protected":false},"featured_media":1051,"comment_status":"closed","ping_status":"closed","template":"","meta":{"_acf_changed":false},"product_brand":[45],"product_cat":[337,329,333,345,349,350,355],"product_tag":[],"class_list":{"0":"post-3322","1":"product","2":"type-product","3":"status-publish","4":"has-post-thumbnail","6":"product_brand-italpreziosi","7":"product_cat-oro-es","8":"product_cat-inversion","9":"product_cat-lingotes-es","10":"product_cat-oro-es-3","11":"product_cat-venta","12":"product_cat-venta-lingotes","13":"product_cat-venta-lingotes-de-oro","14":"pa_metallo-oro-es","16":"first","17":"instock","18":"featured","19":"product-type-simple"},"acf":[],"_links":{"self":[{"href":"https:\/\/devshop.italpreziosi.it\/es\/wp-json\/wp\/v2\/product\/3322","targetHints":{"allow":["GET"]}}],"collection":[{"href":"https:\/\/devshop.italpreziosi.it\/es\/wp-json\/wp\/v2\/product"}],"about":[{"href":"https:\/\/devshop.italpreziosi.it\/es\/wp-json\/wp\/v2\/types\/product"}],"replies":[{"embeddable":true,"href":"https:\/\/devshop.italpreziosi.it\/es\/wp-json\/wp\/v2\/comments?post=3322"}],"wp:featuredmedia":[{"embeddable":true,"href":"https:\/\/devshop.italpreziosi.it\/es\/wp-json\/wp\/v2\/media\/1051"}],"wp:attachment":[{"href":"https:\/\/devshop.italpreziosi.it\/es\/wp-json\/wp\/v2\/media?parent=3322"}],"wp:term":[{"taxonomy":"product_brand","embeddable":true,"href":"https:\/\/devshop.italpreziosi.it\/es\/wp-json\/wp\/v2\/product_brand?post=3322"},{"taxonomy":"product_cat","embeddable":true,"href":"https:\/\/devshop.italpreziosi.it\/es\/wp-json\/wp\/v2\/product_cat?post=3322"},{"taxonomy":"product_tag","embeddable":true,"href":"https:\/\/devshop.italpreziosi.it\/es\/wp-json\/wp\/v2\/product_tag?post=3322"}],"curies":[{"name":"wp","href":"https:\/\/api.w.org\/{rel}","templated":true}]}}