{"id":3320,"date":"2025-06-06T12:50:06","date_gmt":"2025-06-06T10:50:06","guid":{"rendered":"https:\/\/devshop.italpreziosi.it\/sin%20categor\u00eda\/lingotto-oro-50gr\/"},"modified":"2026-02-25T22:12:09","modified_gmt":"2026-02-25T21:12:09","slug":"lingote-de-oro-50gr","status":"publish","type":"product","link":"https:\/\/devshop.italpreziosi.it\/es\/inversion\/lingotes\/oro\/lingote-de-oro-50gr\/","title":{"rendered":"Lingote de oro 50gr"},"content":{"rendered":"<p>S\u00f3lidas inversiones, adem\u00e1s de convenientes, los lingotes de oro de 50 gramos son productos realmente vers\u00e1tiles, con una excelente relaci\u00f3n <strong>calidad\/precio<\/strong>, son f\u00e1cilmente transportables, pero tambi\u00e9n pueden guardarse sin problemas. En italpreziosi.it, puede elegir su lingote de oro de 50g de nuestra refiner\u00eda. S\u00f3lo almacenamos lingotes de oro aprobados por la <strong>LBMA<\/strong> que est\u00e1n exentos de IVA para los residentes de los pa\u00edses de la UE. Aproveche nuestras bajas primas y a\u00f1ada ahora un lingote de oro de 50 g a su pedido.<\/p>\n","protected":false},"excerpt":{"rendered":"<p>S\u00f3lidas inversiones, adem\u00e1s de convenientes, los lingotes de oro de 50 gramos son productos realmente vers\u00e1tiles, con una excelente relaci\u00f3n calidad\/precio, son f\u00e1cilmente transportables, pero tambi\u00e9n pueden guardarse sin problemas. En italpreziosi.it, puede elegir su lingote de oro de 50g de nuestra refiner\u00eda. S\u00f3lo almacenamos lingotes de oro aprobados por la LBMA que est\u00e1n exentos [&hellip;]<\/p>\n","protected":false},"featured_media":1033,"comment_status":"closed","ping_status":"closed","template":"","meta":{"_acf_changed":false},"product_brand":[45],"product_cat":[337,329,333,345,349,350,355],"product_tag":[],"class_list":{"0":"post-3320","1":"product","2":"type-product","3":"status-publish","4":"has-post-thumbnail","6":"product_brand-italpreziosi","7":"product_cat-oro-es","8":"product_cat-inversion","9":"product_cat-lingotes-es","10":"product_cat-oro-es-3","11":"product_cat-venta","12":"product_cat-venta-lingotes","13":"product_cat-venta-lingotes-de-oro","14":"pa_metallo-oro-es","16":"first","17":"instock","18":"featured","19":"product-type-simple"},"acf":[],"_links":{"self":[{"href":"https:\/\/devshop.italpreziosi.it\/es\/wp-json\/wp\/v2\/product\/3320","targetHints":{"allow":["GET"]}}],"collection":[{"href":"https:\/\/devshop.italpreziosi.it\/es\/wp-json\/wp\/v2\/product"}],"about":[{"href":"https:\/\/devshop.italpreziosi.it\/es\/wp-json\/wp\/v2\/types\/product"}],"replies":[{"embeddable":true,"href":"https:\/\/devshop.italpreziosi.it\/es\/wp-json\/wp\/v2\/comments?post=3320"}],"wp:featuredmedia":[{"embeddable":true,"href":"https:\/\/devshop.italpreziosi.it\/es\/wp-json\/wp\/v2\/media\/1033"}],"wp:attachment":[{"href":"https:\/\/devshop.italpreziosi.it\/es\/wp-json\/wp\/v2\/media?parent=3320"}],"wp:term":[{"taxonomy":"product_brand","embeddable":true,"href":"https:\/\/devshop.italpreziosi.it\/es\/wp-json\/wp\/v2\/product_brand?post=3320"},{"taxonomy":"product_cat","embeddable":true,"href":"https:\/\/devshop.italpreziosi.it\/es\/wp-json\/wp\/v2\/product_cat?post=3320"},{"taxonomy":"product_tag","embeddable":true,"href":"https:\/\/devshop.italpreziosi.it\/es\/wp-json\/wp\/v2\/product_tag?post=3320"}],"curies":[{"name":"wp","href":"https:\/\/api.w.org\/{rel}","templated":true}]}}