{"id":3318,"date":"2025-06-06T12:47:21","date_gmt":"2025-06-06T10:47:21","guid":{"rendered":"https:\/\/devshop.italpreziosi.it\/sin%20categor\u00eda\/lingotto-oro-20gr\/"},"modified":"2026-02-25T22:12:08","modified_gmt":"2026-02-25T21:12:08","slug":"lingote-de-oro-20gr","status":"publish","type":"product","link":"https:\/\/devshop.italpreziosi.it\/es\/inversion\/lingotes\/oro\/lingote-de-oro-20gr\/","title":{"rendered":"Lingote de oro 20gr"},"content":{"rendered":"<p>Los lingotes de oro de 20 gramos son una opci\u00f3n popular para los que compran oro por primera vez, pero tambi\u00e9n son los favoritos de los veteranos en el sector de los metales preciosos. Son una buena herramienta para crear un plan de acumulaci\u00f3n y son f\u00e1ciles de transportar y almacenar. Todos nuestros lingotes de oro de 20 g est\u00e1n homologados por la LBMA y tienen un contenido de oro de 999,9 (24 quilates). Los lingotes de oro f\u00edsico est\u00e1n exentos de IVA para los residentes de la Uni\u00f3n Europea. Aproveche nuestros precios competitivos y descubra c\u00f3mo puede elaborar un plan de acumulaci\u00f3n a medida.<\/p>\n","protected":false},"excerpt":{"rendered":"<p>Los lingotes de oro de 20 gramos son una opci\u00f3n popular para los que compran oro por primera vez, pero tambi\u00e9n son los favoritos de los veteranos en el sector de los metales preciosos. Son una buena herramienta para crear un plan de acumulaci\u00f3n y son f\u00e1ciles de transportar y almacenar. Todos nuestros lingotes de [&hellip;]<\/p>\n","protected":false},"featured_media":1015,"comment_status":"closed","ping_status":"closed","template":"","meta":{"_acf_changed":false},"product_brand":[45],"product_cat":[337,329,333,345,349,350,355],"product_tag":[],"class_list":{"0":"post-3318","1":"product","2":"type-product","3":"status-publish","4":"has-post-thumbnail","6":"product_brand-italpreziosi","7":"product_cat-oro-es","8":"product_cat-inversion","9":"product_cat-lingotes-es","10":"product_cat-oro-es-3","11":"product_cat-venta","12":"product_cat-venta-lingotes","13":"product_cat-venta-lingotes-de-oro","14":"pa_metallo-oro-es","16":"first","17":"instock","18":"featured","19":"purchasable","20":"product-type-simple"},"acf":[],"_links":{"self":[{"href":"https:\/\/devshop.italpreziosi.it\/es\/wp-json\/wp\/v2\/product\/3318","targetHints":{"allow":["GET"]}}],"collection":[{"href":"https:\/\/devshop.italpreziosi.it\/es\/wp-json\/wp\/v2\/product"}],"about":[{"href":"https:\/\/devshop.italpreziosi.it\/es\/wp-json\/wp\/v2\/types\/product"}],"replies":[{"embeddable":true,"href":"https:\/\/devshop.italpreziosi.it\/es\/wp-json\/wp\/v2\/comments?post=3318"}],"wp:featuredmedia":[{"embeddable":true,"href":"https:\/\/devshop.italpreziosi.it\/es\/wp-json\/wp\/v2\/media\/1015"}],"wp:attachment":[{"href":"https:\/\/devshop.italpreziosi.it\/es\/wp-json\/wp\/v2\/media?parent=3318"}],"wp:term":[{"taxonomy":"product_brand","embeddable":true,"href":"https:\/\/devshop.italpreziosi.it\/es\/wp-json\/wp\/v2\/product_brand?post=3318"},{"taxonomy":"product_cat","embeddable":true,"href":"https:\/\/devshop.italpreziosi.it\/es\/wp-json\/wp\/v2\/product_cat?post=3318"},{"taxonomy":"product_tag","embeddable":true,"href":"https:\/\/devshop.italpreziosi.it\/es\/wp-json\/wp\/v2\/product_tag?post=3318"}],"curies":[{"name":"wp","href":"https:\/\/api.w.org\/{rel}","templated":true}]}}