{"id":3316,"date":"2025-06-06T12:13:38","date_gmt":"2025-06-06T10:13:38","guid":{"rendered":"https:\/\/devshop.italpreziosi.it\/sin%20categor\u00eda\/lingotto-oro-1-oncia\/"},"modified":"2026-02-25T22:12:08","modified_gmt":"2026-02-25T21:12:08","slug":"lingote-de-oro-1-onza","status":"publish","type":"product","link":"https:\/\/devshop.italpreziosi.it\/es\/inversion\/lingotes\/oro\/lingote-de-oro-1-onza\/","title":{"rendered":"Lingote de oro 1 onza"},"content":{"rendered":"<p>Compre sus lingotes de oro de 1 onza de la LBMA con una comisi\u00f3n baja y una entrega r\u00e1pida &#8211; la mejor y m\u00e1s barata manera de comprar 1 onza de oro puro de 999,9 (24 quilates). Nuestros lingotes de oro est\u00e1n exentos de IVA para los residentes en la UE. \u00bfPor qu\u00e9 no aprovechar nuestros precios competitivos y a\u00f1adir algo de oro a su cartera? Aumente el valor de su inversi\u00f3n o plan de jubilaci\u00f3n en oro f\u00edsico, los lingotes peque\u00f1os son f\u00e1cilmente transportables y proporcionan una gran flexibilidad.<\/p>\n","protected":false},"excerpt":{"rendered":"<p>Compre sus lingotes de oro de 1 onza de la LBMA con una comisi\u00f3n baja y una entrega r\u00e1pida &#8211; la mejor y m\u00e1s barata manera de comprar 1 onza de oro puro de 999,9 (24 quilates). Nuestros lingotes de oro est\u00e1n exentos de IVA para los residentes en la UE. \u00bfPor qu\u00e9 no aprovechar [&hellip;]<\/p>\n","protected":false},"featured_media":1000,"comment_status":"open","ping_status":"closed","template":"","meta":{"_acf_changed":false},"product_brand":[45],"product_cat":[337,329,333,345,349,350,355],"product_tag":[],"class_list":{"0":"post-3316","1":"product","2":"type-product","3":"status-publish","4":"has-post-thumbnail","6":"product_brand-italpreziosi","7":"product_cat-oro-es","8":"product_cat-inversion","9":"product_cat-lingotes-es","10":"product_cat-oro-es-3","11":"product_cat-venta","12":"product_cat-venta-lingotes","13":"product_cat-venta-lingotes-de-oro","14":"pa_metallo-oro-es","16":"first","17":"instock","18":"featured","19":"product-type-simple"},"acf":[],"_links":{"self":[{"href":"https:\/\/devshop.italpreziosi.it\/es\/wp-json\/wp\/v2\/product\/3316","targetHints":{"allow":["GET"]}}],"collection":[{"href":"https:\/\/devshop.italpreziosi.it\/es\/wp-json\/wp\/v2\/product"}],"about":[{"href":"https:\/\/devshop.italpreziosi.it\/es\/wp-json\/wp\/v2\/types\/product"}],"replies":[{"embeddable":true,"href":"https:\/\/devshop.italpreziosi.it\/es\/wp-json\/wp\/v2\/comments?post=3316"}],"wp:featuredmedia":[{"embeddable":true,"href":"https:\/\/devshop.italpreziosi.it\/es\/wp-json\/wp\/v2\/media\/1000"}],"wp:attachment":[{"href":"https:\/\/devshop.italpreziosi.it\/es\/wp-json\/wp\/v2\/media?parent=3316"}],"wp:term":[{"taxonomy":"product_brand","embeddable":true,"href":"https:\/\/devshop.italpreziosi.it\/es\/wp-json\/wp\/v2\/product_brand?post=3316"},{"taxonomy":"product_cat","embeddable":true,"href":"https:\/\/devshop.italpreziosi.it\/es\/wp-json\/wp\/v2\/product_cat?post=3316"},{"taxonomy":"product_tag","embeddable":true,"href":"https:\/\/devshop.italpreziosi.it\/es\/wp-json\/wp\/v2\/product_tag?post=3316"}],"curies":[{"name":"wp","href":"https:\/\/api.w.org\/{rel}","templated":true}]}}