{"id":3312,"date":"2025-06-06T12:05:14","date_gmt":"2025-06-06T10:05:14","guid":{"rendered":"https:\/\/devshop.italpreziosi.it\/sin%20categor\u00eda\/lingotto-oro-5gr\/"},"modified":"2026-02-04T14:42:08","modified_gmt":"2026-02-04T13:42:08","slug":"lingote-de-oro-5gr","status":"publish","type":"product","link":"https:\/\/devshop.italpreziosi.it\/es\/inversion\/lingotes\/oro\/lingote-de-oro-5gr\/","title":{"rendered":"Lingote de oro 5gr"},"content":{"rendered":"<p>Muchos inversores suelen elegir lingotes de oro de 5 gramos para alimentar sus carteras de inversi\u00f3n. M\u00e1s baratos que los lingotes m\u00e1s grandes, con su contenido de oro puro de 24 quilates, son ideales tanto para quienes desean asignar parte de su plan de pensiones en oro f\u00edsico, como para quienes buscan una alternativa para proteger sus ahorros de la inflaci\u00f3n.<\/p>\n<p>Los lingotes, producidos por Italpreziosi, respetan las normas dictadas por la LBMA, London Bullion Market Association.<\/p>\n<p>El oro de inversi\u00f3n tambi\u00e9n est\u00e1 exento de IVA en toda la Uni\u00f3n Europea. Un lingote de oro de 5 gramos es tambi\u00e9n el regalo ideal para peque\u00f1as y grandes ocasiones.<\/p>\n","protected":false},"excerpt":{"rendered":"<p>Muchos inversores suelen elegir lingotes de oro de 5 gramos para alimentar sus carteras de inversi\u00f3n. M\u00e1s baratos que los lingotes m\u00e1s grandes, con su contenido de oro puro de 24 quilates, son ideales tanto para quienes desean asignar parte de su plan de pensiones en oro f\u00edsico, como para quienes buscan una alternativa para [&hellip;]<\/p>\n","protected":false},"featured_media":982,"comment_status":"closed","ping_status":"closed","template":"","meta":{"_acf_changed":false},"product_brand":[45],"product_cat":[337,329,333,345,349,350,355],"product_tag":[],"class_list":{"0":"post-3312","1":"product","2":"type-product","3":"status-publish","4":"has-post-thumbnail","6":"product_brand-italpreziosi","7":"product_cat-oro-es","8":"product_cat-inversion","9":"product_cat-lingotes-es","10":"product_cat-oro-es-3","11":"product_cat-venta","12":"product_cat-venta-lingotes","13":"product_cat-venta-lingotes-de-oro","14":"pa_metallo-oro-es","16":"first","17":"instock","18":"featured","19":"purchasable","20":"product-type-simple"},"acf":[],"_links":{"self":[{"href":"https:\/\/devshop.italpreziosi.it\/es\/wp-json\/wp\/v2\/product\/3312","targetHints":{"allow":["GET"]}}],"collection":[{"href":"https:\/\/devshop.italpreziosi.it\/es\/wp-json\/wp\/v2\/product"}],"about":[{"href":"https:\/\/devshop.italpreziosi.it\/es\/wp-json\/wp\/v2\/types\/product"}],"replies":[{"embeddable":true,"href":"https:\/\/devshop.italpreziosi.it\/es\/wp-json\/wp\/v2\/comments?post=3312"}],"wp:featuredmedia":[{"embeddable":true,"href":"https:\/\/devshop.italpreziosi.it\/es\/wp-json\/wp\/v2\/media\/982"}],"wp:attachment":[{"href":"https:\/\/devshop.italpreziosi.it\/es\/wp-json\/wp\/v2\/media?parent=3312"}],"wp:term":[{"taxonomy":"product_brand","embeddable":true,"href":"https:\/\/devshop.italpreziosi.it\/es\/wp-json\/wp\/v2\/product_brand?post=3312"},{"taxonomy":"product_cat","embeddable":true,"href":"https:\/\/devshop.italpreziosi.it\/es\/wp-json\/wp\/v2\/product_cat?post=3312"},{"taxonomy":"product_tag","embeddable":true,"href":"https:\/\/devshop.italpreziosi.it\/es\/wp-json\/wp\/v2\/product_tag?post=3312"}],"curies":[{"name":"wp","href":"https:\/\/api.w.org\/{rel}","templated":true}]}}