{"id":3293,"date":"2025-04-10T16:38:26","date_gmt":"2025-04-10T14:38:26","guid":{"rendered":"https:\/\/devshop.italpreziosi.it\/servizi\/prenota-una-consulenza\/"},"modified":"2025-09-26T15:49:19","modified_gmt":"2025-09-26T13:49:19","slug":"reserva-una-consulta","status":"publish","type":"page","link":"https:\/\/devshop.italpreziosi.it\/es\/servicios\/reserva-una-consulta\/","title":{"rendered":"Reserva una Consulta"},"content":{"rendered":"\t\t<div data-elementor-type=\"wp-page\" data-elementor-id=\"3293\" class=\"elementor elementor-3293 elementor-443\" data-elementor-post-type=\"page\">\n\t\t\t\t<div class=\"elementor-element elementor-element-f004c9d investment-header e-flex e-con-boxed e-con e-parent\" data-id=\"f004c9d\" data-element_type=\"container\">\n\t\t\t\t\t<div class=\"e-con-inner\">\n\t\t<div class=\"elementor-element elementor-element-b5384a5 e-con-full e-flex e-con e-child\" data-id=\"b5384a5\" data-element_type=\"container\">\n\t\t\t\t<div class=\"elementor-element elementor-element-27cb9dc elementor-widget elementor-widget-woocommerce-breadcrumb\" data-id=\"27cb9dc\" data-element_type=\"widget\" data-widget_type=\"woocommerce-breadcrumb.default\">\n\t\t\t\t<div class=\"elementor-widget-container\">\n\t\t\t\t\t<nav class=\"woocommerce-breadcrumb\" aria-label=\"Breadcrumb\">Italpreziosi Shop<\/nav>\t\t\t\t<\/div>\n\t\t\t\t<\/div>\n\t\t\t\t<div class=\"elementor-element elementor-element-a0741dc elementor-widget elementor-widget-heading\" data-id=\"a0741dc\" data-element_type=\"widget\" data-widget_type=\"heading.default\">\n\t\t\t\t<div class=\"elementor-widget-container\">\n\t\t\t\t\t<h1 class=\"elementor-heading-title elementor-size-default\">Gold consulting: conf\u00ede en los profesionales de Italpreziosi\n<\/h1>\t\t\t\t<\/div>\n\t\t\t\t<\/div>\n\t\t\t\t<div class=\"elementor-element elementor-element-66c646e elementor-widget elementor-widget-text-editor\" data-id=\"66c646e\" data-element_type=\"widget\" data-widget_type=\"text-editor.default\">\n\t\t\t\t<div class=\"elementor-widget-container\">\n\t\t\t\t\t\t\t\t\t<p>Ponemos a su disposici\u00f3n nuestros\u00a0<b>cuarenta a\u00f1os de experiencia<\/b>\u00a0en la producci\u00f3n, comercializaci\u00f3n y venta de oro de inversi\u00f3n:\u00a0<b>reserve una consulta personalizada<\/b>\u00a0con uno de nuestros\u00a0<b>expertos<\/b>\u00a0para descubrir todo el potencial del activo refugio por excelencia.<\/p><p><b>Experiencia, profesionalidad y seguridad<\/b>\u00a0caracterizan toda la gama de servicios ofrecidos por Italpreziosi: asistencia en la\u00a0<b>compra y venta de metales preciosos, venta de oro de inversi\u00f3n<\/b>\u00a0en el mercado minorista y\u00a0<b>servicios de custodia<\/b>.<\/p><p><b>Elija la fecha y hora de su consulta<\/b>, en el lugar que prefiera entre\u00a0<b>Arezzo y Mil\u00e1n<\/b>. Ingrese sus datos personales y de contacto y confirme su reserva: su asesor estar\u00e1 listo para proporcionarle toda la informaci\u00f3n y asistencia que necesite.<\/p>\t\t\t\t\t\t\t\t<\/div>\n\t\t\t\t<\/div>\n\t\t<div class=\"elementor-element elementor-element-b1b5d60 e-con-full e-flex e-con e-child\" data-id=\"b1b5d60\" data-element_type=\"container\">\n\t\t\t\t<div class=\"elementor-element elementor-element-4d8df4a elementor-widget elementor-widget-html\" data-id=\"4d8df4a\" data-element_type=\"widget\" data-widget_type=\"html.default\">\n\t\t\t\t<div class=\"elementor-widget-container\">\n\t\t\t\t\t<div class=\"card\">\n\t<div class=\"content\">\n\t\t<div class=\"head\">\n\t\t\t<span class=\"sub\">Reserve una consulta en nuestras oficinas de\n<\/span>\n\t\t\t<span class=\"title\">Arezzo<\/span><span class=\"subtitle\"><\/span>\n\t\t<\/div>\n\t\t<div class=\"footer\">\n\t\t\t<!-- Calendly link widget begin -->\n\t\t\t<link href=\"https:\/\/assets.calendly.com\/assets\/external\/widget.css\" rel=\"stylesheet\">\n\t\t\t<script src=\"https:\/\/assets.calendly.com\/assets\/external\/widget.js\" type=\"text\/javascript\" async=\"\"><\/script>\n\t\t\t<a href=\"\" onclick=\"Calendly.initPopupWidget({url: 'https:\/\/calendly.com\/italpreziosi\/scegli-il-tuo-slot-preferito-arezzo?hide_gdpr_banner=1&amp;primary_color=fdb338'});return false;\">Reserve<\/a>\n\t\t\t<!-- Calendly link widget end -->\n\t\t<\/div>\n\t<\/div>\n<\/div>\t\t\t\t<\/div>\n\t\t\t\t<\/div>\n\t\t\t\t<div class=\"elementor-element elementor-element-ff14873 elementor-widget elementor-widget-html\" data-id=\"ff14873\" data-element_type=\"widget\" data-widget_type=\"html.default\">\n\t\t\t\t<div class=\"elementor-widget-container\">\n\t\t\t\t\t<div class=\"card\">\n\t<div class=\"content\">\n\t\t<div class=\"head\">\n\t\t\t<span class=\"sub\">Reserve una consulta en nuestras oficinas de\n<\/span>\n\t\t\t<span class=\"title\">Milano<\/span>\n\t\t\t<span class=\"subtitle\" style=\"font-size: 12px; display: block;\">Oficina de representaci\u00f3n para clientes privados Investment Gold\n<\/span>\n\t\t<\/div>\n\t\t<div class=\"footer\">\n\t\t\t<!-- Calendly link widget begin -->\n\t\t\t<a href=\"\" onclick=\"Calendly.initPopupWidget({url: 'https:\/\/calendly.com\/italpreziosi\/scegli-il-tuo-slot-preferito-milano?hide_gdpr_banner=1&amp;primary_color=fdb338'});return false;\">Reserve<\/a>\n\t\t\t<!-- Calendly link widget end -->\n\t\t<\/div>\n\t<\/div>\n<\/div>\t\t\t\t<\/div>\n\t\t\t\t<\/div>\n\t\t\t\t<\/div>\n\t\t\t\t<\/div>\n\t\t\t\t\t<\/div>\n\t\t\t\t<\/div>\n\t\t\t\t<\/div>\n\t\t","protected":false},"excerpt":{"rendered":"<p>Gold consulting: conf\u00ede en los profesionales de Italpreziosi Ponemos a su disposici\u00f3n nuestros\u00a0cuarenta a\u00f1os de experiencia\u00a0en la producci\u00f3n, comercializaci\u00f3n y venta de oro de inversi\u00f3n:\u00a0reserve una consulta personalizada\u00a0con uno de nuestros\u00a0expertos\u00a0para descubrir todo el potencial del activo refugio por excelencia. Experiencia, profesionalidad y seguridad\u00a0caracterizan toda la gama de servicios ofrecidos por Italpreziosi: asistencia en la\u00a0compra [&hellip;]<\/p>\n","protected":false},"author":1,"featured_media":0,"parent":3285,"menu_order":0,"comment_status":"closed","ping_status":"closed","template":"","meta":{"_acf_changed":false,"footnotes":""},"class_list":["post-3293","page","type-page","status-publish","hentry"],"acf":[],"_links":{"self":[{"href":"https:\/\/devshop.italpreziosi.it\/es\/wp-json\/wp\/v2\/pages\/3293","targetHints":{"allow":["GET"]}}],"collection":[{"href":"https:\/\/devshop.italpreziosi.it\/es\/wp-json\/wp\/v2\/pages"}],"about":[{"href":"https:\/\/devshop.italpreziosi.it\/es\/wp-json\/wp\/v2\/types\/page"}],"author":[{"embeddable":true,"href":"https:\/\/devshop.italpreziosi.it\/es\/wp-json\/wp\/v2\/users\/1"}],"replies":[{"embeddable":true,"href":"https:\/\/devshop.italpreziosi.it\/es\/wp-json\/wp\/v2\/comments?post=3293"}],"version-history":[{"count":5,"href":"https:\/\/devshop.italpreziosi.it\/es\/wp-json\/wp\/v2\/pages\/3293\/revisions"}],"predecessor-version":[{"id":4379,"href":"https:\/\/devshop.italpreziosi.it\/es\/wp-json\/wp\/v2\/pages\/3293\/revisions\/4379"}],"up":[{"embeddable":true,"href":"https:\/\/devshop.italpreziosi.it\/es\/wp-json\/wp\/v2\/pages\/3285"}],"wp:attachment":[{"href":"https:\/\/devshop.italpreziosi.it\/es\/wp-json\/wp\/v2\/media?parent=3293"}],"curies":[{"name":"wp","href":"https:\/\/api.w.org\/{rel}","templated":true}]}}