{"id":3289,"date":"2025-04-10T16:38:07","date_gmt":"2025-04-10T14:38:07","guid":{"rendered":"https:\/\/devshop.italpreziosi.it\/servizi\/italdeposito\/"},"modified":"2025-09-26T15:45:45","modified_gmt":"2025-09-26T13:45:45","slug":"italdeposito","status":"publish","type":"page","link":"https:\/\/devshop.italpreziosi.it\/es\/servicios\/italdeposito\/","title":{"rendered":"ItalDeposito"},"content":{"rendered":"\t\t<div data-elementor-type=\"wp-page\" data-elementor-id=\"3289\" class=\"elementor elementor-3289 elementor-439\" data-elementor-post-type=\"page\">\n\t\t\t\t<div class=\"elementor-element elementor-element-ad2afde investment-header e-flex e-con-boxed e-con e-parent\" data-id=\"ad2afde\" data-element_type=\"container\">\n\t\t\t\t\t<div class=\"e-con-inner\">\n\t\t<div class=\"elementor-element elementor-element-dfdab5c e-con-full e-flex e-con e-child\" data-id=\"dfdab5c\" data-element_type=\"container\">\n\t\t\t\t<div class=\"elementor-element elementor-element-9acd5dd elementor-widget elementor-widget-woocommerce-breadcrumb\" data-id=\"9acd5dd\" data-element_type=\"widget\" data-widget_type=\"woocommerce-breadcrumb.default\">\n\t\t\t\t<div class=\"elementor-widget-container\">\n\t\t\t\t\t<nav class=\"woocommerce-breadcrumb\" aria-label=\"Breadcrumb\">Italpreziosi Shop<\/nav>\t\t\t\t<\/div>\n\t\t\t\t<\/div>\n\t\t\t\t<div class=\"elementor-element elementor-element-4634220 elementor-widget elementor-widget-heading\" data-id=\"4634220\" data-element_type=\"widget\" data-widget_type=\"heading.default\">\n\t\t\t\t<div class=\"elementor-widget-container\">\n\t\t\t\t\t<h1 class=\"elementor-heading-title elementor-size-default\">ItalDeposito<\/h1>\t\t\t\t<\/div>\n\t\t\t\t<\/div>\n\t\t\t\t<div class=\"elementor-element elementor-element-44f2ff3 elementor-widget elementor-widget-text-editor\" data-id=\"44f2ff3\" data-element_type=\"widget\" data-widget_type=\"text-editor.default\">\n\t\t\t\t<div class=\"elementor-widget-container\">\n\t\t\t\t\t\t\t\t\t<p>Todos los clientes de italpreziosi tienen la posibilidad de invertir en oro de inversi\u00f3n con total seguridad, sin tener que manipular los productos f\u00edsicamente, optando por introducirlos directamente en el dep\u00f3sito asegurado de italpreziosi. Los productos, dotados de c\u00f3digo QR, son trazados num\u00e9ricamente y siempre son cubiertos por un seguro durante todo el servicio de dep\u00f3sito, el cual se realiza dentro de un dep\u00f3sito de terceros, para quedar totalmente excluidos de los activos de la propia Italpreziosi.<\/p>\t\t\t\t\t\t\t\t<\/div>\n\t\t\t\t<\/div>\n\t\t\t\t<div class=\"elementor-element elementor-element-9a3a33a elementor-widget elementor-widget-heading\" data-id=\"9a3a33a\" data-element_type=\"widget\" data-widget_type=\"heading.default\">\n\t\t\t\t<div class=\"elementor-widget-container\">\n\t\t\t\t\t<h2 class=\"elementor-heading-title elementor-size-default\">Coste de dep\u00f3sito<\/h2>\t\t\t\t<\/div>\n\t\t\t\t<\/div>\n\t\t\t\t<div class=\"elementor-element elementor-element-69fb486 elementor-widget elementor-widget-text-editor\" data-id=\"69fb486\" data-element_type=\"widget\" data-widget_type=\"text-editor.default\">\n\t\t\t\t<div class=\"elementor-widget-container\">\n\t\t\t\t\t\t\t\t\t<p>ITALdeposito, que incluye la cobertura del seguro, tiene un coste del 0,75 % anual, calculado sobre el valor medio del inventario y valorado al \u00faltimo fixing de Londres del mes (Fixing en d\u00f3lares convertido al cambio Italpreziosi del momento). En la pr\u00e1ctica, si el cliente ha pose\u00eddo durante el mes una cantidad de X gramos, el \u00faltimo d\u00eda del mes esta cantidad se multiplicar\u00e1 por el precio mencionado anteriormente, con el fin de calcular el valor medio, necesario para la identificaci\u00f3n del coste, que se cobrar\u00e1 anualmente. El coste de activaci\u00f3n del servicio es de 25 \u20ac. Si el cliente mantiene los productos dentro de ITALdeposito durante un periodo superior a un a\u00f1o, al transcurrir el a\u00f1o natural el cliente podr\u00e1 solicitar el env\u00edo de los mismos sin coste alguno.<\/p>\t\t\t\t\t\t\t\t<\/div>\n\t\t\t\t<\/div>\n\t\t\t\t<div class=\"elementor-element elementor-element-39dc540 elementor-align-left elementor-widget elementor-widget-button\" data-id=\"39dc540\" data-element_type=\"widget\" data-widget_type=\"button.default\">\n\t\t\t\t<div class=\"elementor-widget-container\">\n\t\t\t\t\t\t\t\t\t<div class=\"elementor-button-wrapper\">\n\t\t\t\t\t<a class=\"elementor-button elementor-button-link elementor-size-sm\" href=\"https:\/\/devshop.italpreziosi.it\/es\/servicios\/reserva-una-consulta\/\">\n\t\t\t\t\t\t<span class=\"elementor-button-content-wrapper\">\n\t\t\t\t\t\t\t\t\t<span class=\"elementor-button-text\">Reserve una consulta<\/span>\n\t\t\t\t\t<\/span>\n\t\t\t\t\t<\/a>\n\t\t\t\t<\/div>\n\t\t\t\t\t\t\t\t<\/div>\n\t\t\t\t<\/div>\n\t\t\t\t<\/div>\n\t\t\t\t\t<\/div>\n\t\t\t\t<\/div>\n\t\t\t\t<\/div>\n\t\t","protected":false},"excerpt":{"rendered":"<p>ItalDeposito Todos los clientes de italpreziosi tienen la posibilidad de invertir en oro de inversi\u00f3n con total seguridad, sin tener que manipular los productos f\u00edsicamente, optando por introducirlos directamente en el dep\u00f3sito asegurado de italpreziosi. Los productos, dotados de c\u00f3digo QR, son trazados num\u00e9ricamente y siempre son cubiertos por un seguro durante todo el servicio [&hellip;]<\/p>\n","protected":false},"author":1,"featured_media":0,"parent":3285,"menu_order":0,"comment_status":"closed","ping_status":"closed","template":"","meta":{"_acf_changed":false,"footnotes":""},"class_list":["post-3289","page","type-page","status-publish","hentry"],"acf":[],"_links":{"self":[{"href":"https:\/\/devshop.italpreziosi.it\/es\/wp-json\/wp\/v2\/pages\/3289","targetHints":{"allow":["GET"]}}],"collection":[{"href":"https:\/\/devshop.italpreziosi.it\/es\/wp-json\/wp\/v2\/pages"}],"about":[{"href":"https:\/\/devshop.italpreziosi.it\/es\/wp-json\/wp\/v2\/types\/page"}],"author":[{"embeddable":true,"href":"https:\/\/devshop.italpreziosi.it\/es\/wp-json\/wp\/v2\/users\/1"}],"replies":[{"embeddable":true,"href":"https:\/\/devshop.italpreziosi.it\/es\/wp-json\/wp\/v2\/comments?post=3289"}],"version-history":[{"count":4,"href":"https:\/\/devshop.italpreziosi.it\/es\/wp-json\/wp\/v2\/pages\/3289\/revisions"}],"predecessor-version":[{"id":4370,"href":"https:\/\/devshop.italpreziosi.it\/es\/wp-json\/wp\/v2\/pages\/3289\/revisions\/4370"}],"up":[{"embeddable":true,"href":"https:\/\/devshop.italpreziosi.it\/es\/wp-json\/wp\/v2\/pages\/3285"}],"wp:attachment":[{"href":"https:\/\/devshop.italpreziosi.it\/es\/wp-json\/wp\/v2\/media?parent=3289"}],"curies":[{"name":"wp","href":"https:\/\/api.w.org\/{rel}","templated":true}]}}