{"id":3265,"date":"2025-07-26T18:43:07","date_gmt":"2025-07-26T16:43:07","guid":{"rendered":"https:\/\/devshop.italpreziosi.it\/prezzi-lingotti-e-monete\/"},"modified":"2025-09-26T14:49:17","modified_gmt":"2025-09-26T12:49:17","slug":"precios-de-lingotes-y-monedas","status":"publish","type":"page","link":"https:\/\/devshop.italpreziosi.it\/es\/precios-de-lingotes-y-monedas\/","title":{"rendered":"Precios de lingotes y monedas"},"content":{"rendered":"\t\t<div data-elementor-type=\"wp-page\" data-elementor-id=\"3265\" class=\"elementor elementor-3265 elementor-2334\" data-elementor-post-type=\"page\">\n\t\t\t\t<div class=\"elementor-element elementor-element-5d60b39 investment-header e-flex e-con-boxed e-con e-parent\" data-id=\"5d60b39\" data-element_type=\"container\">\n\t\t\t\t\t<div class=\"e-con-inner\">\n\t\t<div class=\"elementor-element elementor-element-c6c7b50 e-con-full e-flex e-con e-child\" data-id=\"c6c7b50\" data-element_type=\"container\">\n\t\t\t\t<div class=\"elementor-element elementor-element-44c2e8e elementor-widget elementor-widget-html\" data-id=\"44c2e8e\" data-element_type=\"widget\" data-widget_type=\"html.default\">\n\t\t\t\t<div class=\"elementor-widget-container\">\n\t\t\t\t\t<link rel=\"stylesheet\" id=\"product-card-css\" href=\"https:\/\/shop.italpreziosi.it\/wp-content\/themes\/italpreziosi\/css\/product-card.css\" media=\"all\">\t\t\t\t<\/div>\n\t\t\t\t<\/div>\n\t\t\t\t<div class=\"elementor-element elementor-element-c94e56a elementor-widget elementor-widget-woocommerce-breadcrumb\" data-id=\"c94e56a\" data-element_type=\"widget\" data-widget_type=\"woocommerce-breadcrumb.default\">\n\t\t\t\t<div class=\"elementor-widget-container\">\n\t\t\t\t\t<nav class=\"woocommerce-breadcrumb\" aria-label=\"Breadcrumb\">Italpreziosi Shop<\/nav>\t\t\t\t<\/div>\n\t\t\t\t<\/div>\n\t\t\t\t<div class=\"elementor-element elementor-element-9f6a872 ff2 elementor-widget elementor-widget-heading\" data-id=\"9f6a872\" data-element_type=\"widget\" data-widget_type=\"heading.default\">\n\t\t\t\t<div class=\"elementor-widget-container\">\n\t\t\t\t\t<h1 class=\"elementor-heading-title elementor-size-default\">Precios de lingotes y monedas \n<\/h1>\t\t\t\t<\/div>\n\t\t\t\t<\/div>\n\t\t\t\t<div class=\"elementor-element elementor-element-19d6389 desc-static-page elementor-widget elementor-widget-text-editor\" data-id=\"19d6389\" data-element_type=\"widget\" data-widget_type=\"text-editor.default\">\n\t\t\t\t<div class=\"elementor-widget-container\">\n\t\t\t\t\t\t\t\t\t<p><span style=\"font-weight: 400;\">Consulta los precios actualizados de lingotes y monedas de oro y plata, y descubre las diferencias entre las principales formas de inversi\u00f3n en metales preciosos f\u00edsicos. El valor de mercado de los lingotes y monedas var\u00eda con el tiempo y est\u00e1 influenciado por m\u00faltiples factores, desde la cotizaci\u00f3n internacional hasta las caracter\u00edsticas espec\u00edficas de cada producto.\u00a0<\/span><\/p><p><span style=\"font-weight: 400;\">Tanto si se trata de una compra en oro como en plata, conocer la evoluci\u00f3n de los precios es el primer paso para evaluar una inversi\u00f3n de forma informada.\u00a0<\/span><\/p><p><span style=\"font-weight: 400;\">Esta secci\u00f3n re\u00fane la informaci\u00f3n esencial para orientarte entre las principales opciones disponibles: podr\u00e1s profundizar en las din\u00e1micas que influyen en el precio, comparar distintos pesos, comprender las ventajas fiscales de cada formato y acceder a los datos actualizados del metal que te interesa.\u00a0<\/span><\/p><p><span style=\"font-weight: 400;\">Selecciona el tipo de producto para ver el detalle de precios y acceder a los contenidos espec\u00edficos:\u00a0<\/span><\/p><ul><li aria-level=\"1\"><a href=\"https:\/\/shop.italpreziosi.it\/es\/precios-de-lingotes-y-monedas\/precios-de-lingotes-de-oro\/\" target=\"_blank\" rel=\"noopener\"><b><span style=\"font-weight: 400;\">Precios lingotes de oro<\/span>\u00a0<\/b><\/a><\/li><li aria-level=\"1\"><a href=\"https:\/\/shop.italpreziosi.it\/es\/precios-de-lingotes-y-monedas\/precios-de-lingotes-de-plata\/\" target=\"_blank\" rel=\"noopener\"><span style=\"font-weight: 400;\">Precios lingotes de plata <\/span><\/a><\/li><li aria-level=\"1\"><a href=\"https:\/\/shop.italpreziosi.it\/es\/precios-de-lingotes-y-monedas\/precios-de-monedas-de-oro\/\" target=\"_blank\" rel=\"noopener\"><span style=\"font-weight: 400;\">Precios monedas de oro <\/span><\/a><\/li><li aria-level=\"1\"><a href=\"https:\/\/shop.italpreziosi.it\/es\/precios-de-lingotes-y-monedas\/precios-de-monedas-de-plata\/\" target=\"_blank\" rel=\"noopener\"><span style=\"font-weight: 400;\">Precios monedas de plata<\/span><\/a><\/li><\/ul>\t\t\t\t\t\t\t\t<\/div>\n\t\t\t\t<\/div>\n\t\t\t\t<\/div>\n\t\t\t\t\t<\/div>\n\t\t\t\t<\/div>\n\t\t\t\t<\/div>\n\t\t","protected":false},"excerpt":{"rendered":"<p>Precios de lingotes y monedas Consulta los precios actualizados de lingotes y monedas de oro y plata, y descubre las diferencias entre las principales formas de inversi\u00f3n en metales preciosos f\u00edsicos. El valor de mercado de los lingotes y monedas var\u00eda con el tiempo y est\u00e1 influenciado por m\u00faltiples factores, desde la cotizaci\u00f3n internacional hasta [&hellip;]<\/p>\n","protected":false},"author":1,"featured_media":0,"parent":0,"menu_order":0,"comment_status":"closed","ping_status":"closed","template":"","meta":{"_acf_changed":false,"footnotes":""},"class_list":["post-3265","page","type-page","status-publish","hentry"],"acf":[],"_links":{"self":[{"href":"https:\/\/devshop.italpreziosi.it\/es\/wp-json\/wp\/v2\/pages\/3265","targetHints":{"allow":["GET"]}}],"collection":[{"href":"https:\/\/devshop.italpreziosi.it\/es\/wp-json\/wp\/v2\/pages"}],"about":[{"href":"https:\/\/devshop.italpreziosi.it\/es\/wp-json\/wp\/v2\/types\/page"}],"author":[{"embeddable":true,"href":"https:\/\/devshop.italpreziosi.it\/es\/wp-json\/wp\/v2\/users\/1"}],"replies":[{"embeddable":true,"href":"https:\/\/devshop.italpreziosi.it\/es\/wp-json\/wp\/v2\/comments?post=3265"}],"version-history":[{"count":8,"href":"https:\/\/devshop.italpreziosi.it\/es\/wp-json\/wp\/v2\/pages\/3265\/revisions"}],"predecessor-version":[{"id":4320,"href":"https:\/\/devshop.italpreziosi.it\/es\/wp-json\/wp\/v2\/pages\/3265\/revisions\/4320"}],"wp:attachment":[{"href":"https:\/\/devshop.italpreziosi.it\/es\/wp-json\/wp\/v2\/media?parent=3265"}],"curies":[{"name":"wp","href":"https:\/\/api.w.org\/{rel}","templated":true}]}}