{"id":3263,"date":"2025-07-26T18:43:34","date_gmt":"2025-07-26T16:43:34","guid":{"rendered":"https:\/\/devshop.italpreziosi.it\/informazioni\/normativa\/"},"modified":"2025-09-26T09:57:59","modified_gmt":"2025-09-26T07:57:59","slug":"normativa","status":"publish","type":"page","link":"https:\/\/devshop.italpreziosi.it\/es\/informacion\/normativa\/","title":{"rendered":"Normativa"},"content":{"rendered":"\t\t<div data-elementor-type=\"wp-page\" data-elementor-id=\"3263\" class=\"elementor elementor-3263 elementor-2336\" data-elementor-post-type=\"page\">\n\t\t\t\t<div class=\"elementor-element elementor-element-6d54f9b investment-header e-flex e-con-boxed e-con e-parent\" data-id=\"6d54f9b\" data-element_type=\"container\">\n\t\t\t\t\t<div class=\"e-con-inner\">\n\t\t<div class=\"elementor-element elementor-element-5b19cd5 e-con-full e-flex e-con e-child\" data-id=\"5b19cd5\" data-element_type=\"container\">\n\t\t\t\t<div class=\"elementor-element elementor-element-d08cf75 elementor-widget elementor-widget-woocommerce-breadcrumb\" data-id=\"d08cf75\" data-element_type=\"widget\" data-widget_type=\"woocommerce-breadcrumb.default\">\n\t\t\t\t<div class=\"elementor-widget-container\">\n\t\t\t\t\t<nav class=\"woocommerce-breadcrumb\" aria-label=\"Breadcrumb\">Italpreziosi Shop<\/nav>\t\t\t\t<\/div>\n\t\t\t\t<\/div>\n\t\t\t\t<div class=\"elementor-element elementor-element-80a6f16 elementor-widget elementor-widget-heading\" data-id=\"80a6f16\" data-element_type=\"widget\" data-widget_type=\"heading.default\">\n\t\t\t\t<div class=\"elementor-widget-container\">\n\t\t\t\t\t<h1 class=\"elementor-heading-title elementor-size-default\">Normativa<\/h1>\t\t\t\t<\/div>\n\t\t\t\t<\/div>\n\t\t\t\t<div class=\"elementor-element elementor-element-903f709 elementor-widget elementor-widget-text-editor\" data-id=\"903f709\" data-element_type=\"widget\" data-widget_type=\"text-editor.default\">\n\t\t\t\t<div class=\"elementor-widget-container\">\n\t\t\t\t\t\t\t\t\t<p>La definici\u00f3n de oro de inversi\u00f3n figura en el art\u00edculo 1 de la Ley (italiana) del 17 de enero de 2000, N\u00ba 7:<\/p><p>\u00a0<\/p><p class=\"art-p\"><em>Art. 1.<\/em><br \/><em>(comercio de oro)<\/em><br \/><em>1. A los efectos de la presente ley, se entender\u00e1 por el t\u00e9rmino \u00aboro\u00bb:<\/em><br \/><em>a) el oro de inversi\u00f3n, es decir, el oro en forma de lingotes o l\u00e1minas de un peso aceptado por el mercado del oro, pero en todo caso superior a 1 gramo, de una pureza igual o superior a 995 mil\u00e9simas, est\u00e9 o no representado por t\u00edtulos;<\/em><br \/><em>las monedas de oro de una pureza igual o superior a 900 mil\u00e9simas, acu\u00f1adas despu\u00e9s del a\u00f1o 1800, que tengan o hayan tenido curso legal en el pa\u00eds de origen, normalmente vendidas a un precio no superior al 80% del valor en el mercado libre del oro que contienen, incluidas en la lista elaborada por la Comisi\u00f3n de las Comunidades Europeas y publicada anualmente en el Diario Oficial de las Comunidades Europeas, serie c, as\u00ed como las monedas que tengan las mismas caracter\u00edsticas, aunque no est\u00e9n incluidas en la lista mencionada; un decreto del Ministro del Tesoro, del Presupuesto y de la Planificaci\u00f3n Econ\u00f3mica establece las modalidades de transmisi\u00f3n a la Comisi\u00f3n de las Comunidades Europeas de las informaciones relativas a las monedas comercializadas en Italia que responden a los criterios antes mencionados;<\/em><br \/><em>b) el material de oro distinto del mencionado en el apartado a), para uso principalmente industrial, ya sea en forma de productos semiacabados de una pureza igual o superior a 325 mil\u00e9simas que en cualquier otra forma y pureza.<\/em><br \/><em>2. Quien disponga o realice la transferencia de oro hacia o desde el extranjero, o el comercio de oro en el territorio nacional, o cualquier otra operaci\u00f3n en oro, incluso gratuita, est\u00e1 obligado a declarar la operaci\u00f3n a la oficina de cambio italiana si el valor de la misma es igual o superior a 20 millones de liras. La obligaci\u00f3n de declarar se aplicar\u00e1 tambi\u00e9n a los operadores profesionales a que se refiere el p\u00e1rrafo 3, tanto si operan por cuenta propia como por cuenta de terceros. Las transacciones realizadas por el Banco de Italia est\u00e1n excluidas de esta disposici\u00f3n.<\/em><\/p><p>\u00a0<\/p><p>Gracias a la Ley 7\/2000, n\u00ba 7, se ha abolido el monopolio del mercado del oro por parte de la oficina de cambio italiana y los residentes italianos pueden comprar y vender oro de inversi\u00f3n sin IVA. La compra y venta, si no se realiza de forma profesional, sino dentro de una estrategia de inversi\u00f3n\/protecci\u00f3n de activos, son libres. Toda venta, de conformidad con el p\u00e1rrafo 2 del art\u00edculo 1 de la Ley del 17 de enero de 2000, n\u00ba 7, debe declararse a la Unidad de Informaci\u00f3n Financiera (UIF, anterior UIC) del Banco de Italia. El t\u00e9rmino \u00abcualquiera\u00bb indica que no se hace ninguna distinci\u00f3n entre los operadores econ\u00f3micos y los particulares, sino que toda transacci\u00f3n que supere los 12.500,00 euros debe ser declarada.<\/p><p>La obligaci\u00f3n de informar se desencadena con disposiciones o transferencias de oro<\/p><ul><li>Da e verso l\u2019estero<\/li><li>comercio de oro en el territorio nacional<\/li><li>otras transacciones en oro, incluyendo las gratuitas<\/li><\/ul><p>En caso de incumplimiento de la declaraci\u00f3n, se aplicar\u00e1n las sanciones previstas en el art\u00edculo 4 de la Ley de 17.01.2000, n\u00ba 7, y en particular el p\u00e1rrafo 2: \u00abLas violaciones de la obligaci\u00f3n de declarar conforme al p\u00e1rrafo 2 del art\u00edculo 1 ser\u00e1n castigadas con una sanci\u00f3n administrativa que oscilar\u00e1 entre un m\u00ednimo del 10% y un m\u00e1ximo del 40% del valor negociado\u00bb. Los t\u00e9rminos y modalidades de la declaraci\u00f3n se establecen en la disposici\u00f3n UIC 14.07.2000<\/p>\t\t\t\t\t\t\t\t<\/div>\n\t\t\t\t<\/div>\n\t\t\t\t<\/div>\n\t\t\t\t\t<\/div>\n\t\t\t\t<\/div>\n\t\t\t\t<\/div>\n\t\t","protected":false},"excerpt":{"rendered":"<p>Normativa La definici\u00f3n de oro de inversi\u00f3n figura en el art\u00edculo 1 de la Ley (italiana) del 17 de enero de 2000, N\u00ba 7: \u00a0 Art. 1.(comercio de oro)1. A los efectos de la presente ley, se entender\u00e1 por el t\u00e9rmino \u00aboro\u00bb:a) el oro de inversi\u00f3n, es decir, el oro en forma de lingotes o [&hellip;]<\/p>\n","protected":false},"author":1,"featured_media":0,"parent":3259,"menu_order":0,"comment_status":"closed","ping_status":"closed","template":"","meta":{"_acf_changed":false,"footnotes":""},"class_list":["post-3263","page","type-page","status-publish","hentry"],"acf":[],"_links":{"self":[{"href":"https:\/\/devshop.italpreziosi.it\/es\/wp-json\/wp\/v2\/pages\/3263","targetHints":{"allow":["GET"]}}],"collection":[{"href":"https:\/\/devshop.italpreziosi.it\/es\/wp-json\/wp\/v2\/pages"}],"about":[{"href":"https:\/\/devshop.italpreziosi.it\/es\/wp-json\/wp\/v2\/types\/page"}],"author":[{"embeddable":true,"href":"https:\/\/devshop.italpreziosi.it\/es\/wp-json\/wp\/v2\/users\/1"}],"replies":[{"embeddable":true,"href":"https:\/\/devshop.italpreziosi.it\/es\/wp-json\/wp\/v2\/comments?post=3263"}],"version-history":[{"count":4,"href":"https:\/\/devshop.italpreziosi.it\/es\/wp-json\/wp\/v2\/pages\/3263\/revisions"}],"predecessor-version":[{"id":4299,"href":"https:\/\/devshop.italpreziosi.it\/es\/wp-json\/wp\/v2\/pages\/3263\/revisions\/4299"}],"up":[{"embeddable":true,"href":"https:\/\/devshop.italpreziosi.it\/es\/wp-json\/wp\/v2\/pages\/3259"}],"wp:attachment":[{"href":"https:\/\/devshop.italpreziosi.it\/es\/wp-json\/wp\/v2\/media?parent=3263"}],"curies":[{"name":"wp","href":"https:\/\/api.w.org\/{rel}","templated":true}]}}