{"id":3261,"date":"2025-07-26T18:43:47","date_gmt":"2025-07-26T16:43:47","guid":{"rendered":"https:\/\/devshop.italpreziosi.it\/informazioni\/fiscalita\/"},"modified":"2025-09-26T09:57:03","modified_gmt":"2025-09-26T07:57:03","slug":"fiscalidad","status":"publish","type":"page","link":"https:\/\/devshop.italpreziosi.it\/es\/informacion\/fiscalidad\/","title":{"rendered":"Fiscalidad"},"content":{"rendered":"\t\t<div data-elementor-type=\"wp-page\" data-elementor-id=\"3261\" class=\"elementor elementor-3261 elementor-2338\" data-elementor-post-type=\"page\">\n\t\t\t\t<div class=\"elementor-element elementor-element-46918f2 investment-header e-flex e-con-boxed e-con e-parent\" data-id=\"46918f2\" data-element_type=\"container\">\n\t\t\t\t\t<div class=\"e-con-inner\">\n\t\t<div class=\"elementor-element elementor-element-8aed803 e-con-full e-flex e-con e-child\" data-id=\"8aed803\" data-element_type=\"container\">\n\t\t\t\t<div class=\"elementor-element elementor-element-9cc8124 elementor-widget elementor-widget-woocommerce-breadcrumb\" data-id=\"9cc8124\" data-element_type=\"widget\" data-widget_type=\"woocommerce-breadcrumb.default\">\n\t\t\t\t<div class=\"elementor-widget-container\">\n\t\t\t\t\t<nav class=\"woocommerce-breadcrumb\" aria-label=\"Breadcrumb\">Italpreziosi Shop<\/nav>\t\t\t\t<\/div>\n\t\t\t\t<\/div>\n\t\t\t\t<div class=\"elementor-element elementor-element-ce7aebc elementor-widget elementor-widget-heading\" data-id=\"ce7aebc\" data-element_type=\"widget\" data-widget_type=\"heading.default\">\n\t\t\t\t<div class=\"elementor-widget-container\">\n\t\t\t\t\t<h1 class=\"elementor-heading-title elementor-size-default\">Fiscalidad<\/h1>\t\t\t\t<\/div>\n\t\t\t\t<\/div>\n\t\t\t\t<div class=\"elementor-element elementor-element-d19e617 elementor-widget elementor-widget-text-editor\" data-id=\"d19e617\" data-element_type=\"widget\" data-widget_type=\"text-editor.default\">\n\t\t\t\t<div class=\"elementor-widget-container\">\n\t\t\t\t\t\t\t\t\t<p>La compraventa de oro de inversi\u00f3n puede generar plusval\u00edas de car\u00e1cter financiero, las cuales son sujetas a tributaci\u00f3n bajo la legislaci\u00f3n italiana mediante la aplicaci\u00f3n de un impuesto sustitutivo.<\/p><p>\u00a0<\/p><p>La Ley de Presupuestos de 2024 introdujo cambios sustanciales en la normativa anterior (art. 68 del TUIR). Si se disponen de facturas de compra, se aplica un impuesto sustitutivo del 26% sobre cualquier plusval\u00eda generada, de manera similar a las operaciones financieras, el cual se liquida en la declaraci\u00f3n de la renta del a\u00f1o en que se recibe la contraprestaci\u00f3n. En ausencia de documentaci\u00f3n de compra, se impone un impuesto del 26% sobre el total recibido por la venta. Por ende, es siempre recomendable conservar la documentaci\u00f3n de compra del meta<\/p>\t\t\t\t\t\t\t\t<\/div>\n\t\t\t\t<\/div>\n\t\t\t\t<div class=\"elementor-element elementor-element-7e89e15 elementor-widget elementor-widget-html\" data-id=\"7e89e15\" data-element_type=\"widget\" data-widget_type=\"html.default\">\n\t\t\t\t<div class=\"elementor-widget-container\">\n\t\t\t\t\t<div class=\"criteri-wrapper\">\n\t<h4>Criterio general en presencia de documentaci\u00f3n<\/h4>\n\t<ol>\n\t\t<li><span>Coste de compra documentado<\/span><span class=\"amount-text\">\u20ac 35.000<\/span><\/li>\n\t\t<li><span>Producto de la venta<\/span><span class=\"amount-text\">\u20ac 50.000<\/span><\/li>\n\t\t<li><span>Plusval\u00eda imponible = B - A<br>Impuesto adeudado 26% de C<\/span><span class=\"amount-text\">\u20ac 15.000<br> \u20ac 3.900<\/span><\/li>\n\n\n\n\t<\/ol>\n<\/div>\t\t\t\t<\/div>\n\t\t\t\t<\/div>\n\t\t\t\t<div class=\"elementor-element elementor-element-06da1e9 elementor-widget elementor-widget-html\" data-id=\"06da1e9\" data-element_type=\"widget\" data-widget_type=\"html.default\">\n\t\t\t\t<div class=\"elementor-widget-container\">\n\t\t\t\t\t<div class=\"criteri-wrapper\">\n\t<h4>Criterio en ausencia de documentaci\u00f3n del coste de compra<\/h4>\n\t<ol>\n\t\t<li><span>Coste de compra documentado<\/span><span class=\"amount-text\">n.d.<\/span><\/li>\n\t\t<li><span>Producto de la venta<\/span><span class=\"amount-text\">\u20ac 50.000<\/span><\/li>\n\t\t<li><span>Impuesto adeudado 26% de B<\/span><span class=\"amount-text\">\u20ac 13.000<\/span><\/li>\n\t<\/ol>\n<\/div>\t\t\t\t<\/div>\n\t\t\t\t<\/div>\n\t\t\t\t<\/div>\n\t\t\t\t\t<\/div>\n\t\t\t\t<\/div>\n\t\t\t\t<\/div>\n\t\t","protected":false},"excerpt":{"rendered":"<p>Fiscalidad La compraventa de oro de inversi\u00f3n puede generar plusval\u00edas de car\u00e1cter financiero, las cuales son sujetas a tributaci\u00f3n bajo la legislaci\u00f3n italiana mediante la aplicaci\u00f3n de un impuesto sustitutivo. \u00a0 La Ley de Presupuestos de 2024 introdujo cambios sustanciales en la normativa anterior (art. 68 del TUIR). Si se disponen de facturas de compra, [&hellip;]<\/p>\n","protected":false},"author":1,"featured_media":0,"parent":3259,"menu_order":0,"comment_status":"closed","ping_status":"closed","template":"","meta":{"_acf_changed":false,"footnotes":""},"class_list":["post-3261","page","type-page","status-publish","hentry"],"acf":[],"_links":{"self":[{"href":"https:\/\/devshop.italpreziosi.it\/es\/wp-json\/wp\/v2\/pages\/3261","targetHints":{"allow":["GET"]}}],"collection":[{"href":"https:\/\/devshop.italpreziosi.it\/es\/wp-json\/wp\/v2\/pages"}],"about":[{"href":"https:\/\/devshop.italpreziosi.it\/es\/wp-json\/wp\/v2\/types\/page"}],"author":[{"embeddable":true,"href":"https:\/\/devshop.italpreziosi.it\/es\/wp-json\/wp\/v2\/users\/1"}],"replies":[{"embeddable":true,"href":"https:\/\/devshop.italpreziosi.it\/es\/wp-json\/wp\/v2\/comments?post=3261"}],"version-history":[{"count":5,"href":"https:\/\/devshop.italpreziosi.it\/es\/wp-json\/wp\/v2\/pages\/3261\/revisions"}],"predecessor-version":[{"id":4294,"href":"https:\/\/devshop.italpreziosi.it\/es\/wp-json\/wp\/v2\/pages\/3261\/revisions\/4294"}],"up":[{"embeddable":true,"href":"https:\/\/devshop.italpreziosi.it\/es\/wp-json\/wp\/v2\/pages\/3259"}],"wp:attachment":[{"href":"https:\/\/devshop.italpreziosi.it\/es\/wp-json\/wp\/v2\/media?parent=3261"}],"curies":[{"name":"wp","href":"https:\/\/api.w.org\/{rel}","templated":true}]}}